{"id":7446,"date":"2019-05-11T15:49:15","date_gmt":"2019-05-11T18:49:15","guid":{"rendered":"https:\/\/www.conafisco.org.br\/xviiiconafisco\/xviiiconafisco\/?page_id=7446"},"modified":"2019-10-03T12:01:34","modified_gmt":"2019-10-03T15:01:34","slug":"home","status":"publish","type":"page","link":"https:\/\/www.conafisco.org.br\/xviiiconafisco\/","title":{"rendered":"Home"},"content":{"rendered":"<p>[vc_row type=&#8221;full-width-section&#8221; css=&#8221;.vc_custom_1425214410676{margin-bottom: 0px !important;padding-top: 60px !important;padding-bottom: 60px !important;}&#8221; parallax_background=&#8221;&#8221;][vc_column][vc_empty_space][vc_row_inner css=&#8221;.vc_custom_1420098077465{margin-bottom: 0px;padding-top: 0px;}&#8221;][vc_column_inner width=&#8221;1\/3&#8243; css=&#8221;.vc_custom_1420098085740{padding-bottom: 40px;}&#8221;]<style type=\"text\/css\" >#rand_jvfl3ch0w6mefzugc5td {margin-top:0px; margin-bottom:0px; }<\/style><style type=\"text\/css\" >#rand_jvfl3ch0w6mefzugc5td {padding-left:0; padding-right:0; }<\/style><style type=\"text\/css\" >#rand_jvfl3ch0w6mefzugc5td .icon_circle,#rand_jvfl3ch0w6mefzugc5td .icon_circle:after,#rand_jvfl3ch0w6mefzugc5td .icon_circle:before{color:#fff; background:#ba6b1e;}#rand_jvfl3ch0w6mefzugc5td:hover .icon_circle i{color:#fff !important;}#rand_jvfl3ch0w6mefzugc5td h3:after{background:#3d3d3d}<\/style> <style type='text\/css'> @font-face{font-family: 'fa'; src:url('https:\/\/www.conafisco.org.br\/xviiiconafisco\/wp-content\/themes\/conafisco\/includes\/4k-icons\/icons\/4k-icons-pack02\/icons\/fonts\/fa.eot'); src:url('https:\/\/www.conafisco.org.br\/xviiiconafisco\/wp-content\/themes\/conafisco\/includes\/4k-icons\/icons\/4k-icons-pack02\/icons\/fonts\/fa.eot?#iefix') format('embedded-opentype'), url('https:\/\/www.conafisco.org.br\/xviiiconafisco\/wp-content\/themes\/conafisco\/includes\/4k-icons\/icons\/4k-icons-pack02\/icons\/fonts\/fa.woff') format('woff'), url('https:\/\/www.conafisco.org.br\/xviiiconafisco\/wp-content\/themes\/conafisco\/includes\/4k-icons\/icons\/4k-icons-pack02\/icons\/fonts\/fa.ttf') format('truetype'), url('https:\/\/www.conafisco.org.br\/xviiiconafisco\/wp-content\/themes\/conafisco\/includes\/4k-icons\/icons\/4k-icons-pack02\/icons\/fonts\/fa.svg#oi') format('svg'); font-weight: normal; font-style: normal;}#rand_jvfl3ch0w6mefzugc5td .fa-file-picture-o:before{font-family: 'fa'; font-weight: normal; font-style: normal;}<\/style>\n<style type=\"text\/css\" >#rand_jvfl3ch0w6mefzugc5td:hover h3{color:#3d3d3d !important;}#rand_jvfl3ch0w6mefzugc5td:hover p{color:#3d3d3d !important;}#rand_jvfl3ch0w6mefzugc5td:hover .icon_sub_ctn,#rand_jvfl3ch0w6mefzugc5td:hover .icon_sub_ctn:before,#rand_jvfl3ch0w6mefzugc5td:hover .icon_sub_ctn:after{background:#714310; }#rand_jvfl3ch0w6mefzugc5td:hover p{ color:#3d3d3d;}<\/style> <style type=\"text\/css\" >#rand_jvfl3ch0w6mefzugc5td .icon_circle{ background: #ba6b1e; background: -moz-linear-gradient(135deg, #ba6b1e 0%, #714310 100%); background: -webkit-gradient(linear, left top, right bottom, color-stop(0%,#ba6b1e), color-stop(100%,#714310)); background: -webkit-linear-gradient(135deg, #ba6b1e 0%,#714310 100%); background: -o-linear-gradient(135deg, #ba6b1e 0%,#714310 100%); background: -ms-linear-gradient(135deg, #ba6b1e 0%,#714310 100%); background: linear-gradient(135deg, #ba6b1e 0%,#714310 100%);}#rand_jvfl3ch0w6mefzugc5td .icon_circle:before,#rand_jvfl3ch0w6mefzugc5td .icon_circle:after{ background: #ba6b1e; background: -moz-linear-gradient(45deg, #ba6b1e 0%, #714310 100%); background: -webkit-gradient(linear, left top, right bottom, color-stop(0%,#ba6b1e), color-stop(100%,#714310)); background: -webkit-linear-gradient(45deg, #ba6b1e 0%,#714310 100%); background: -o-linear-gradient(45deg, #ba6b1e 0%,#714310 100%); background: -ms-linear-gradient(45deg, #ba6b1e 0%,#714310 100%); background: linear-gradient(45deg, #ba6b1e 0%,#714310 100%);}<\/style><style type=\"text\/css\" >#rand_jvfl3ch0w6mefzugc5td:hover .box_btn{ background:#ba6b1e !important; color:#ffffff!important; border:2px solid #ba6b1e !important;  }<\/style><a href=\"https:\/\/www.conafisco.org.br\/xviiiconafisco\/fotos-do-evento\/\" target=\"_blank\" ><div id=\"rand_jvfl3ch0w6mefzugc5td\" class=\"icon_box2_hex rda_fadeInUp\"><div class=\"icon_circle\"><div class=\"icon_sub_ctn\"><i class=\"fa-file-picture-o\" ><\/i><\/div><\/div><h3 style=\"color:#3d3d3d;\" >FOTOS<\/h3><p style=\"color:#3d3d3d;\" >Confira os melhores registros do evento!<\/p><a class=\"box_btn\" style=\"background-color:rgba(0,0,0,0); color:#ba6b1e; border:2px solid #ba6b1e;\" href=\"https:\/\/www.conafisco.org.br\/xviiiconafisco\/fotos-do-evento\/\" target=\"_blank\">Veja Mais<\/a> <\/div><\/a>[\/vc_column_inner][vc_column_inner width=&#8221;1\/3&#8243; css=&#8221;.vc_custom_1420098091604{padding-bottom: 40px;}&#8221;]<style type=\"text\/css\" >#rand_ko4j2b90mttj2fc6nf8w {margin-top:0px; margin-bottom:0px; }<\/style><style type=\"text\/css\" >#rand_ko4j2b90mttj2fc6nf8w {padding-left:0; padding-right:0; }<\/style><style type=\"text\/css\" >#rand_ko4j2b90mttj2fc6nf8w .icon_circle,#rand_ko4j2b90mttj2fc6nf8w .icon_circle:after,#rand_ko4j2b90mttj2fc6nf8w .icon_circle:before{color:#fff; background:#ba6b1e;}#rand_ko4j2b90mttj2fc6nf8w:hover .icon_circle i{color:#fff !important;}#rand_ko4j2b90mttj2fc6nf8w h3:after{background:#3d3d3d}<\/style> <style type='text\/css'> @font-face{font-family: 'elu'; src:url('https:\/\/www.conafisco.org.br\/xviiiconafisco\/wp-content\/themes\/conafisco\/includes\/4k-icons\/icons\/4k-icons-pack02\/icons\/fonts\/elu.eot'); src:url('https:\/\/www.conafisco.org.br\/xviiiconafisco\/wp-content\/themes\/conafisco\/includes\/4k-icons\/icons\/4k-icons-pack02\/icons\/fonts\/elu.eot?#iefix') format('embedded-opentype'), url('https:\/\/www.conafisco.org.br\/xviiiconafisco\/wp-content\/themes\/conafisco\/includes\/4k-icons\/icons\/4k-icons-pack02\/icons\/fonts\/elu.woff') format('woff'), url('https:\/\/www.conafisco.org.br\/xviiiconafisco\/wp-content\/themes\/conafisco\/includes\/4k-icons\/icons\/4k-icons-pack02\/icons\/fonts\/elu.ttf') format('truetype'), url('https:\/\/www.conafisco.org.br\/xviiiconafisco\/wp-content\/themes\/conafisco\/includes\/4k-icons\/icons\/4k-icons-pack02\/icons\/fonts\/elu.svg#oi') format('svg'); font-weight: normal; font-style: normal;}#rand_ko4j2b90mttj2fc6nf8w .elu-video:before{font-family: 'elu'; font-weight: normal; font-style: normal;}#rand_ko4j2b90mttj2fc6nf8w .elu-video:before{content: \"\\e810\";}<\/style>\n<style type=\"text\/css\" >#rand_ko4j2b90mttj2fc6nf8w:hover h3{color:#3d3d3d !important;}#rand_ko4j2b90mttj2fc6nf8w:hover p{color:#3d3d3d !important;}#rand_ko4j2b90mttj2fc6nf8w:hover .icon_sub_ctn,#rand_ko4j2b90mttj2fc6nf8w:hover .icon_sub_ctn:before,#rand_ko4j2b90mttj2fc6nf8w:hover .icon_sub_ctn:after{background:#714310; }#rand_ko4j2b90mttj2fc6nf8w:hover p{ color:#3d3d3d;}<\/style> <style type=\"text\/css\" >#rand_ko4j2b90mttj2fc6nf8w .icon_circle{ background: #ba6b1e; background: -moz-linear-gradient(135deg, #ba6b1e 0%, #714310 100%); background: -webkit-gradient(linear, left top, right bottom, color-stop(0%,#ba6b1e), color-stop(100%,#714310)); background: -webkit-linear-gradient(135deg, #ba6b1e 0%,#714310 100%); background: -o-linear-gradient(135deg, #ba6b1e 0%,#714310 100%); background: -ms-linear-gradient(135deg, #ba6b1e 0%,#714310 100%); background: linear-gradient(135deg, #ba6b1e 0%,#714310 100%);}#rand_ko4j2b90mttj2fc6nf8w .icon_circle:before,#rand_ko4j2b90mttj2fc6nf8w .icon_circle:after{ background: #ba6b1e; background: -moz-linear-gradient(45deg, #ba6b1e 0%, #714310 100%); background: -webkit-gradient(linear, left top, right bottom, color-stop(0%,#ba6b1e), color-stop(100%,#714310)); background: -webkit-linear-gradient(45deg, #ba6b1e 0%,#714310 100%); background: -o-linear-gradient(45deg, #ba6b1e 0%,#714310 100%); background: -ms-linear-gradient(45deg, #ba6b1e 0%,#714310 100%); background: linear-gradient(45deg, #ba6b1e 0%,#714310 100%);}<\/style><style type=\"text\/css\" >#rand_ko4j2b90mttj2fc6nf8w:hover .box_btn{ background:#ba6b1e !important; color:#ffffff!important; border:2px solid #ba6b1e !important;  }<\/style><a href=\"https:\/\/www.youtube.com\/playlist?list=PL6O4iJRjPYde1C2XY_IaUCfdeZrANlT6s\" target=\"_self\" ><div id=\"rand_ko4j2b90mttj2fc6nf8w\" class=\"icon_box2_hex rda_fadeInUp\"><div class=\"icon_circle\"><div class=\"icon_sub_ctn\"><i class=\"elu-video\" ><\/i><\/div><\/div><h3 style=\"color:#3d3d3d;\" >V\u00cdDEOS<\/h3><p style=\"color:#3d3d3d;\" >Veja os v\u00eddeos do 18\u00ba CONAFISCO!<\/p><a class=\"box_btn\" style=\"background-color:rgba(0,0,0,0); color:#ba6b1e; border:2px solid #ba6b1e;\" href=\"https:\/\/www.youtube.com\/playlist?list=PL6O4iJRjPYde1C2XY_IaUCfdeZrANlT6s\" target=\"_self\">Veja Mais<\/a> <\/div><\/a>[\/vc_column_inner][vc_column_inner width=&#8221;1\/3&#8243; css=&#8221;.vc_custom_1420098096153{padding-bottom: 40px;}&#8221;]<style type=\"text\/css\" >#rand_6gmee12o3gnri10yctuo {margin-top:0px; margin-bottom:0px; }<\/style><style type=\"text\/css\" >#rand_6gmee12o3gnri10yctuo {padding-left:0; padding-right:0; }<\/style><style type=\"text\/css\" >#rand_6gmee12o3gnri10yctuo .icon_circle,#rand_6gmee12o3gnri10yctuo .icon_circle:after,#rand_6gmee12o3gnri10yctuo .icon_circle:before{color:#fff; background:#ba6b1e;}#rand_6gmee12o3gnri10yctuo:hover .icon_circle i{color:#fff !important;}#rand_6gmee12o3gnri10yctuo h3:after{background:#3d3d3d}<\/style> <style type='text\/css'> @font-face{font-family: 'ba'; src:url('https:\/\/www.conafisco.org.br\/xviiiconafisco\/wp-content\/themes\/conafisco\/includes\/4k-icons\/icons\/4k-icons-pack01\/icons\/fonts\/ba.eot'); src:url('https:\/\/www.conafisco.org.br\/xviiiconafisco\/wp-content\/themes\/conafisco\/includes\/4k-icons\/icons\/4k-icons-pack01\/icons\/fonts\/ba.eot?#iefix') format('embedded-opentype'), url('https:\/\/www.conafisco.org.br\/xviiiconafisco\/wp-content\/themes\/conafisco\/includes\/4k-icons\/icons\/4k-icons-pack01\/icons\/fonts\/ba.woff') format('woff'), url('https:\/\/www.conafisco.org.br\/xviiiconafisco\/wp-content\/themes\/conafisco\/includes\/4k-icons\/icons\/4k-icons-pack01\/icons\/fonts\/ba.ttf') format('truetype'), url('https:\/\/www.conafisco.org.br\/xviiiconafisco\/wp-content\/themes\/conafisco\/includes\/4k-icons\/icons\/4k-icons-pack01\/icons\/fonts\/ba.svg#oi') format('svg'); font-weight: normal; font-style: normal;}#rand_6gmee12o3gnri10yctuo .ba-pin7:before{font-family: 'ba'; font-weight: normal; font-style: normal;}#rand_6gmee12o3gnri10yctuo .ba-pin7:before{content: \"\\e8e9\";}<\/style>\n<style type=\"text\/css\" >#rand_6gmee12o3gnri10yctuo:hover h3{color:#3d3d3d !important;}#rand_6gmee12o3gnri10yctuo:hover p{color:#3d3d3d !important;}#rand_6gmee12o3gnri10yctuo:hover .icon_sub_ctn,#rand_6gmee12o3gnri10yctuo:hover .icon_sub_ctn:before,#rand_6gmee12o3gnri10yctuo:hover .icon_sub_ctn:after{background:#714310; }#rand_6gmee12o3gnri10yctuo:hover p{ color:#3d3d3d;}<\/style> <style type=\"text\/css\" >#rand_6gmee12o3gnri10yctuo .icon_circle{ background: #ba6b1e; background: -moz-linear-gradient(135deg, #ba6b1e 0%, #714310 100%); background: -webkit-gradient(linear, left top, right bottom, color-stop(0%,#ba6b1e), color-stop(100%,#714310)); background: -webkit-linear-gradient(135deg, #ba6b1e 0%,#714310 100%); background: -o-linear-gradient(135deg, #ba6b1e 0%,#714310 100%); background: -ms-linear-gradient(135deg, #ba6b1e 0%,#714310 100%); background: linear-gradient(135deg, #ba6b1e 0%,#714310 100%);}#rand_6gmee12o3gnri10yctuo .icon_circle:before,#rand_6gmee12o3gnri10yctuo .icon_circle:after{ background: #ba6b1e; background: -moz-linear-gradient(45deg, #ba6b1e 0%, #714310 100%); background: -webkit-gradient(linear, left top, right bottom, color-stop(0%,#ba6b1e), color-stop(100%,#714310)); background: -webkit-linear-gradient(45deg, #ba6b1e 0%,#714310 100%); background: -o-linear-gradient(45deg, #ba6b1e 0%,#714310 100%); background: -ms-linear-gradient(45deg, #ba6b1e 0%,#714310 100%); background: linear-gradient(45deg, #ba6b1e 0%,#714310 100%);}<\/style><style type=\"text\/css\" >#rand_6gmee12o3gnri10yctuo:hover .box_btn{ background:#ba6b1e !important; color:#ffffff!important; border:2px solid #ba6b1e !important;  }<\/style><a href=\"http:\/\/www.pe.gov.br\/conheca\/\" target=\"_self\" ><div id=\"rand_6gmee12o3gnri10yctuo\" class=\"icon_box2_hex rda_fadeInUp\"><div class=\"icon_circle\"><div class=\"icon_sub_ctn\"><i class=\"ba-pin7\" ><\/i><\/div><\/div><h3 style=\"color:#3d3d3d;\" >SOBRE A CIDADE<\/h3><p style=\"color:#3d3d3d;\" >Descubra a magia de Porto de Galinhas!<\/p><a class=\"box_btn\" style=\"background-color:#ffffff; color:#ba6b1e; border:2px solid #ba6b1e;\" href=\"http:\/\/www.pe.gov.br\/conheca\/\" target=\"_self\">SAIBA MAIS<\/a> <\/div><\/a>[\/vc_column_inner][\/vc_row_inner][\/vc_column][\/vc_row][vc_row type=&#8221;full-width-section&#8221; a_select=&#8221;1&#8243; a_bg_color=&#8221;#dad8cf&#8221; css=&#8221;.vc_custom_1558482770477{margin-bottom: 0px !important;padding-top: 91px !important;background-color: #dad8cf !important;}&#8221;][vc_column width=&#8221;1\/2&#8243;][vc_row_inner css=&#8221;.vc_custom_1558136358888{margin-bottom: 20px !important;padding-top: 15px !important;padding-right: 15px !important;padding-bottom: 15px !important;padding-left: 15px !important;background-color: #cfcdc4 !important;}&#8221;][vc_column_inner][vc_video link=&#8221;https:\/\/www.youtube.com\/embed\/3ZTVUiv4u7k&#8221; align=&#8221;center&#8221;][\/vc_column_inner][\/vc_row_inner][\/vc_column][vc_column width=&#8221;1\/2&#8243;][vc_row_inner css=&#8221;.vc_custom_1558136358888{margin-bottom: 20px !important;padding-top: 15px !important;padding-right: 15px !important;padding-bottom: 15px !important;padding-left: 15px !important;background-color: #cfcdc4 !important;}&#8221;][vc_column_inner][vc_video link=&#8221;https:\/\/www.youtube.com\/embed\/1yKwJxZIf9s&#8221; align=&#8221;center&#8221;][\/vc_column_inner][\/vc_row_inner][\/vc_column][\/vc_row][vc_row type=&#8221;full-width-section&#8221; a_select=&#8221;1&#8243; a_bg_color=&#8221;#dad8cf&#8221; css=&#8221;.vc_custom_1558482903176{margin-bottom: 0px !important;padding-bottom: 91px !important;background-color: #dad8cf !important;}&#8221;][vc_column width=&#8221;1\/2&#8243;]<style type=\"text\/css\" >#tm_ztdl0kh05rheghmk2s4b.rd_tm_7 .tm_author{ color:#3d3d3d;}#tm_ztdl0kh05rheghmk2s4b.rd_tm_7 .tm_text,#tm_ztdl0kh05rheghmk2s4b.rd_tm_7 .tm_text:after{ color:#3d3d3d; background:#cfcdc4; border:1px solid #cfcdc4;}#tm_ztdl0kh05rheghmk2s4b.rd_tm_7 .tm_info{ color:#3d3d3d;}#tm_ztdl0kh05rheghmk2s4b.rd_tm_7 .rd_tm_pager a{background:#3d3d3d;}#tm_ztdl0kh05rheghmk2s4b.rd_tm_7 .tm_info{color:#3d3d3d; }#tm_ztdl0kh05rheghmk2s4b.rd_tm_7 .rd_tm_pager a.selected{background:#ba6b1e;}#tm_ztdl0kh05rheghmk2s4b {margin-top:0px; margin-bottom:0px;}<\/style><script type=\"text\/javascript\" charset=\"utf-8\">\r\n\t\tjQuery.noConflict();\r\n\t\t\r\n\t\/\/setup up Carousel\r\n\t\tjQuery(document).ready(function($) {\r\n\t\t\"use strict\";\r\n\t\t\r\n\t\t$(window).load(function(){\r\n\t\t$(\"#tm_ztdl0kh05rheghmk2s4b .rd_testimonials\").carouFredSel({\r\n\t\t\t\t\t\r\n\t\t\t\t\tresponsive: true,\r\n\t\t\t\t\twidth: \"100%\",scroll: 1,\r\n\t\t\t\t\tauto: false,\r\n\t\t\t\t\tprev: \"#tm_ztdl0kh05rheghmk2s4b_left\",\r\n\t\t\t\t\tnext: \"#tm_ztdl0kh05rheghmk2s4b_right\",\r\n\t\t\t\t\tpagination: \"#tm_ztdl0kh05rheghmk2s4b_pager\",\r\n\t\t\t\t\theight: \"variable\",\r\n\t\t\t\t\tswipe       : {\r\n             \t\t   onTouch     : true,\r\n\t\t               onMouse     : false\r\n        \t\t    },\r\n\t\t\t\t\titems: {\r\n        \t\t\t\theight: \"variable\",\r\n\t\t\t\t\t\tvisible: {\r\n\t\t\t\t\t\t\tmin: 1,\r\n\t\t\t\t\t\t\tmax: 1\r\n\t\t\t\t\t\t}\r\n\t\t\t\t\t}\r\n\t\t\t\t});\r\n\t\t\t\t});\r\n\t\t\t\t});\r\n\t<\/script><div class=\"rd_testimonials_ctn rd_tm_7 \" id=\"tm_ztdl0kh05rheghmk2s4b\"><div class=\"rd_testimonials\"><div class=\"rd_testimonial\">\r\n\r\n   <div class=\"tm_text\"><\/p>\n<p style=\"text-align: justify;\">Caros colegas,<\/p>\n<p style=\"text-align: justify;\">H\u00e1 quarenta anos, em Pernambuco, nascia a ent\u00e3o Federa\u00e7\u00e3o das Associa\u00e7\u00f5es de Fiscais de Tributos Estaduais-Fafite, predecessora da, hoje, Federa\u00e7\u00e3o Nacional do Fisco Estadual e Distrital-Fenafisco.<\/p>\n<p style=\"text-align: justify;\">Passadas quatro d\u00e9cadas, estamos aqui na condi\u00e7\u00e3o de legat\u00e1rios e respons\u00e1veis por esse patrim\u00f4nio coletivo que se tornou a maior entidade sindical do Fisco de todo o Pa\u00eds.<\/p>\n<p style=\"text-align: justify;\">\u00c9 com imenso orgulho e alegria por tanto ch\u00e3o percorrido e tanta estrada a percorrer que realizamos o 18\u00ba Congresso Nacional do Fisco Estadual e Distrital, no lugar onde udo come\u00e7ou.<\/p>\n<p style=\"text-align: justify;\">Voltamos \u00e0s nossas origens para renovar o nosso compromisso com o destino a que fazem jus os que abra\u00e7am as boas causas.<\/p>\n<p style=\"text-align: justify;\">O 18\u00ba Conafisco ser\u00e1 um encontro muito especial, oportunidade em que celebraremos juntos a organiza\u00e7\u00e3o, a mobiliza\u00e7\u00e3o e desenvolvimento sindical do Fisco estadual.<\/p>\n<p style=\"text-align: justify;\">Sejam bem-vindos!<\/p>\n<p><\/div>\r\n   <div class=\"tm_author_info\">\r\n\t<div class=\"tm_author\">Charles Alcantara<\/div>\r\n\r\n\t<div class=\"tm_info\">Presidente da FENAFISCO<\/div>\r\n\r\n   \r\n   <div class=\"tm_image\"><img class=\"\" src=\"https:\/\/www.conafisco.org.br\/xviiiconafisco\/wp-content\/uploads\/2019\/05\/foto_charles-e1558050921743-250x250.jpg\" width=\"250\" height=\"250\" alt=\"\" title=\"\" \/><\/div><\/div><\/div><\/div><div class=\"tm_nav\"><div class=\"tm_l_nav\" id=\"tm_ztdl0kh05rheghmk2s4b_left\" ><\/div><div class=\"tm_r_nav\" id=\"tm_ztdl0kh05rheghmk2s4b_right\" ><\/div><\/div><div id=\"tm_ztdl0kh05rheghmk2s4b_pager\" class=\"rd_tm_pager\"><\/div><\/div>[\/vc_column][vc_column width=&#8221;1\/2&#8243;]<style type=\"text\/css\" >#tm_977niyagc7b1tzh3f8q5.rd_tm_7 .tm_author{ color:#3d3d3d;}#tm_977niyagc7b1tzh3f8q5.rd_tm_7 .tm_text,#tm_977niyagc7b1tzh3f8q5.rd_tm_7 .tm_text:after{ color:#3d3d3d; background:#cfcdc4; border:1px solid #cfcdc4;}#tm_977niyagc7b1tzh3f8q5.rd_tm_7 .tm_info{ color:#3d3d3d;}#tm_977niyagc7b1tzh3f8q5.rd_tm_7 .rd_tm_pager a{background:#3d3d3d;}#tm_977niyagc7b1tzh3f8q5.rd_tm_7 .tm_info{color:#3d3d3d; }#tm_977niyagc7b1tzh3f8q5.rd_tm_7 .rd_tm_pager a.selected{background:#ba6b1e;}#tm_977niyagc7b1tzh3f8q5 {margin-top:0px; margin-bottom:0px;}<\/style><script type=\"text\/javascript\" charset=\"utf-8\">\r\n\t\tjQuery.noConflict();\r\n\t\t\r\n\t\/\/setup up Carousel\r\n\t\tjQuery(document).ready(function($) {\r\n\t\t\"use strict\";\r\n\t\t\r\n\t\t$(window).load(function(){\r\n\t\t$(\"#tm_977niyagc7b1tzh3f8q5 .rd_testimonials\").carouFredSel({\r\n\t\t\t\t\t\r\n\t\t\t\t\tresponsive: true,\r\n\t\t\t\t\twidth: \"100%\",scroll: 1,\r\n\t\t\t\t\tauto: false,\r\n\t\t\t\t\tprev: \"#tm_977niyagc7b1tzh3f8q5_left\",\r\n\t\t\t\t\tnext: \"#tm_977niyagc7b1tzh3f8q5_right\",\r\n\t\t\t\t\tpagination: \"#tm_977niyagc7b1tzh3f8q5_pager\",\r\n\t\t\t\t\theight: \"variable\",\r\n\t\t\t\t\tswipe       : {\r\n             \t\t   onTouch     : true,\r\n\t\t               onMouse     : false\r\n        \t\t    },\r\n\t\t\t\t\titems: {\r\n        \t\t\t\theight: \"variable\",\r\n\t\t\t\t\t\tvisible: {\r\n\t\t\t\t\t\t\tmin: 1,\r\n\t\t\t\t\t\t\tmax: 1\r\n\t\t\t\t\t\t}\r\n\t\t\t\t\t}\r\n\t\t\t\t});\r\n\t\t\t\t});\r\n\t\t\t\t});\r\n\t<\/script><div class=\"rd_testimonials_ctn rd_tm_7 \" id=\"tm_977niyagc7b1tzh3f8q5\"><div class=\"rd_testimonials\"><div class=\"rd_testimonial\">\r\n\r\n   <div class=\"tm_text\"><\/p>\n<p style=\"text-align: justify;\">Prezados colegas,<\/p>\n<p style=\"text-align: justify;\">O Sindifisco-PE tem a honra de convidar os colegas fazend\u00e1rios para participarem do 18\u00ba Congresso Nacional do Fisco Estadual e Distrital (18\u00b0 Conafisco), que ser\u00e1 realizado entre os dias 24 e 27 de setembro de 2019, em Porto de Galinhas, Pernambuco. Com o tema \u201cTributa\u00e7\u00e3o e Previd\u00eancia Solid\u00e1rias \u2013 Por um Brasil mais justo\u201d, o nosso congresso vai discutir quest\u00f5es relativas a uma tributa\u00e7\u00e3o mais justa e uma previd\u00eancia solid\u00e1ria, ambas economicamente sustent\u00e1veis.<\/p>\n<p style=\"text-align: justify;\">Em meio ao cen\u00e1rio de discuss\u00e3o acerca da Reforma da Previd\u00eancia e da Reforma Tribut\u00e1ria, essa \u00e9 uma oportunidade de os servidores de v\u00e1rias regi\u00f5es do pa\u00eds se encontrarem para discutir formas de promo\u00e7\u00e3o da justi\u00e7a social e o fortalecimento do Fisco.<\/p>\n<p style=\"text-align: justify;\">Durante o 18\u00ba Conafisco, tamb\u00e9m ser\u00e1 realizada a elei\u00e7\u00e3o da Diretoria e do Conselho Fiscal da Fenafisco. Esta edi\u00e7\u00e3o \u00e9 especial, pois marca os 40 anos da nossa Federa\u00e7\u00e3o, que foi fundada em Pernambuco. Para receb\u00ea-los, foi montada uma programa\u00e7\u00e3o com palestras, campeonatos e show de talentos. \u00c9 um momento de atualiza\u00e7\u00e3o, mas tamb\u00e9m de congra\u00e7amento da classe.<\/p>\n<p><\/div>\r\n   <div class=\"tm_author_info\">\r\n\t<div class=\"tm_author\">Jo\u00e3o H\u00e9lio Coutinho<\/div>\r\n\r\n\t<div class=\"tm_info\">Presidente do Sindifisco\/PE<\/div>\r\n\r\n   \r\n   <div class=\"tm_image\"><img class=\"\" src=\"https:\/\/www.conafisco.org.br\/xviiiconafisco\/wp-content\/uploads\/2019\/05\/Joao_Helio_Coutinho-250x250.jpg\" width=\"250\" height=\"250\" alt=\"Joao_Helio_Coutinho\" title=\"Joao_Helio_Coutinho\" \/><\/div><\/div><\/div><\/div><div class=\"tm_nav\"><div class=\"tm_l_nav\" id=\"tm_977niyagc7b1tzh3f8q5_left\" ><\/div><div class=\"tm_r_nav\" id=\"tm_977niyagc7b1tzh3f8q5_right\" ><\/div><\/div><div id=\"tm_977niyagc7b1tzh3f8q5_pager\" class=\"rd_tm_pager\"><\/div><\/div>[\/vc_column][\/vc_row]<\/p>\n","protected":false},"excerpt":{"rendered":"<p>[vc_row type=&#8221;full-width-section&#8221; css=&#8221;.vc_custom_1425214410676{margin-bottom: 0px !important;padding-top: 60px !important;padding-bottom: 60px !important;}&#8221; parallax_background=&#8221;&#8221;][vc_column][vc_empty_space][vc_row_inner css=&#8221;.vc_custom_1420098077465{margin-bottom: 0px;padding-top: 0px;}&#8221;][vc_column_inner width=&#8221;1\/3&#8243; css=&#8221;.vc_custom_1420098085740{padding-bottom: 40px;}&#8221;] FOTOSConfira os melhores registros do evento!Veja Mais [\/vc_column_inner][vc_column_inner width=&#8221;1\/3&#8243; css=&#8221;.vc_custom_1420098091604{padding-bottom: 40px;}&#8221;] V\u00cdDEOSVeja os v\u00eddeos do 18\u00ba CONAFISCO!Veja Mais [\/vc_column_inner][vc_column_inner width=&#8221;1\/3&#8243; css=&#8221;.vc_custom_1420098096153{padding-bottom: 40px;}&#8221;] SOBRE A CIDADEDescubra a magia de Porto de Galinhas!SAIBA MAIS [\/vc_column_inner][\/vc_row_inner][\/vc_column][\/vc_row][vc_row type=&#8221;full-width-section&#8221; a_select=&#8221;1&#8243; a_bg_color=&#8221;#dad8cf&#8221; css=&#8221;.vc_custom_1558482770477{margin-bottom: 0px !important;padding-top:<br \/><a href=\"https:\/\/www.conafisco.org.br\/xviiiconafisco\/\" class=\"more\">Read more<\/a><\/p>\n","protected":false},"author":4,"featured_media":0,"parent":0,"menu_order":3,"comment_status":"closed","ping_status":"closed","template":"","meta":[],"_links":{"self":[{"href":"https:\/\/www.conafisco.org.br\/xviiiconafisco\/wp-json\/wp\/v2\/pages\/7446"}],"collection":[{"href":"https:\/\/www.conafisco.org.br\/xviiiconafisco\/wp-json\/wp\/v2\/pages"}],"about":[{"href":"https:\/\/www.conafisco.org.br\/xviiiconafisco\/wp-json\/wp\/v2\/types\/page"}],"author":[{"embeddable":true,"href":"https:\/\/www.conafisco.org.br\/xviiiconafisco\/wp-json\/wp\/v2\/users\/4"}],"replies":[{"embeddable":true,"href":"https:\/\/www.conafisco.org.br\/xviiiconafisco\/wp-json\/wp\/v2\/comments?post=7446"}],"version-history":[{"count":279,"href":"https:\/\/www.conafisco.org.br\/xviiiconafisco\/wp-json\/wp\/v2\/pages\/7446\/revisions"}],"predecessor-version":[{"id":8318,"href":"https:\/\/www.conafisco.org.br\/xviiiconafisco\/wp-json\/wp\/v2\/pages\/7446\/revisions\/8318"}],"wp:attachment":[{"href":"https:\/\/www.conafisco.org.br\/xviiiconafisco\/wp-json\/wp\/v2\/media?parent=7446"}],"curies":[{"name":"wp","href":"https:\/\/api.w.org\/{rel}","templated":true}]}}