{"id":7450,"date":"2019-05-11T15:49:54","date_gmt":"2019-05-11T18:49:54","guid":{"rendered":"https:\/\/www.conafisco.org.br\/xviiiconafisco\/xviiiconafisco\/?page_id=7450"},"modified":"2019-06-02T22:24:00","modified_gmt":"2019-06-03T01:24:00","slug":"hospedagem","status":"publish","type":"page","link":"https:\/\/www.conafisco.org.br\/xviiiconafisco\/hospedagem\/","title":{"rendered":"Hospedagem"},"content":{"rendered":"<p>[vc_row][vc_column][vc_custom_heading text=&#8221;Ag\u00eancia Oficial&#8221; use_theme_fonts=&#8221;yes&#8221;][vc_column_text]<\/p>\n<p style=\"text-align: justify;\">Conforme acordado com o Enotel a Ag\u00eancia oficial do evento \u00e9 a Pontual Viagens e Turismo Ltda, que estar\u00e1 \u00e0 disposi\u00e7\u00e3o dos Sindicatos Filiados para apresentar os pacotes de hospedagens e efetuar bloqueios no complexo Enotel Hotels &amp; Resorts &#8211; Hotel do evento, passagens a\u00e9reas com desconto e outros.<\/p>\n<p>[\/vc_column_text][vc_column_text]<\/p>\n<p style=\"text-align: justify;\"><strong>Pontual Viagens e Turismo Ltda<br \/>\n<\/strong>CNPJ\/MF sob o n\u00ba CNPJ: 10.640.746\/0001-13<\/p>\n<p>[\/vc_column_text]\n<!-- lists --><div class=\"rd_list_1 rd_list_left\"><style type='text\/css'> @font-face{font-family: 'sw'; src:url('https:\/\/www.conafisco.org.br\/xviiiconafisco\/wp-content\/themes\/conafisco\/includes\/4k-icons\/icons\/4k-icons-pack04\/icons\/fonts\/sw.eot'); src:url('https:\/\/www.conafisco.org.br\/xviiiconafisco\/wp-content\/themes\/conafisco\/includes\/4k-icons\/icons\/4k-icons-pack04\/icons\/fonts\/sw.eot?#iefix') format('embedded-opentype'), url('https:\/\/www.conafisco.org.br\/xviiiconafisco\/wp-content\/themes\/conafisco\/includes\/4k-icons\/icons\/4k-icons-pack04\/icons\/fonts\/sw.woff') format('woff'), url('https:\/\/www.conafisco.org.br\/xviiiconafisco\/wp-content\/themes\/conafisco\/includes\/4k-icons\/icons\/4k-icons-pack04\/icons\/fonts\/sw.ttf') format('truetype'), url('https:\/\/www.conafisco.org.br\/xviiiconafisco\/wp-content\/themes\/conafisco\/includes\/4k-icons\/icons\/4k-icons-pack04\/icons\/fonts\/sw.svg#oi') format('svg'); font-weight: normal; font-style: normal;}#rand_zymfdoyzorw2h7p9m8dj .sw-pin:before{font-family: 'sw'; font-weight: normal; font-style: normal;}#rand_zymfdoyzorw2h7p9m8dj .sw-pin:before{content: \"\\e046\";}<\/style>\n<style type=\"text\/css\" >.rd_list_1 .list_item_ctn { border-color:#ecf0f1}.rd_list_1 #rand_zymfdoyzorw2h7p9m8dj .list_icn i,.rd_list_1_alt #rand_zymfdoyzorw2h7p9m8dj .list_icn i{color:#ba6b1e;}.rd_list_2 #rand_zymfdoyzorw2h7p9m8dj:after{background:#3d3d3d;}.rd_list_2 #rand_zymfdoyzorw2h7p9m8dj .list_icn i{color:#ba6b1e;}.rd_list_3 #rand_zymfdoyzorw2h7p9m8dj .list_icn,.rd_list_5 #rand_zymfdoyzorw2h7p9m8dj .list_icn,.rd_list_6 #rand_zymfdoyzorw2h7p9m8dj .list_icn{background:#ba6b1e;}.rd_list_4 #rand_zymfdoyzorw2h7p9m8dj{background:#ba6b1e;}#rand_zymfdoyzorw2h7p9m8dj h3{color:#3d3d3d;}#rand_zymfdoyzorw2h7p9m8dj p{color:#3d3d3d;}.rd_list_7 #rand_zymfdoyzorw2h7p9m8dj .list_icn{color:#ba6b1e;}<\/style><div class=\"list_item_ctn\" id=\"rand_zymfdoyzorw2h7p9m8dj\"><div class=\"list_icn\"><i class=\"sw-pin\"><\/i><\/div><div class=\"list_desc\"><h3>Endere\u00e7o<\/h3><p>Av. Jos\u00e9 Os\u00f3rio, 101, Madalena, Recife\/PE, CEP: 50610-280<\/p><\/div><\/div><style type='text\/css'> @font-face{font-family: 'wb'; src:url('https:\/\/www.conafisco.org.br\/xviiiconafisco\/wp-content\/themes\/conafisco\/includes\/4k-icons\/icons\/4k-icons-pack05\/icons\/fonts\/wb.eot'); src:url('https:\/\/www.conafisco.org.br\/xviiiconafisco\/wp-content\/themes\/conafisco\/includes\/4k-icons\/icons\/4k-icons-pack05\/icons\/fonts\/wb.eot?#iefix') format('embedded-opentype'), url('https:\/\/www.conafisco.org.br\/xviiiconafisco\/wp-content\/themes\/conafisco\/includes\/4k-icons\/icons\/4k-icons-pack05\/icons\/fonts\/wb.woff') format('woff'), url('https:\/\/www.conafisco.org.br\/xviiiconafisco\/wp-content\/themes\/conafisco\/includes\/4k-icons\/icons\/4k-icons-pack05\/icons\/fonts\/wb.ttf') format('truetype'), url('https:\/\/www.conafisco.org.br\/xviiiconafisco\/wp-content\/themes\/conafisco\/includes\/4k-icons\/icons\/4k-icons-pack05\/icons\/fonts\/wb.svg#oi') format('svg'); font-weight: normal; font-style: normal;}#rand_v506w2n0nnv354exj63c .wb-phone:before{font-family: 'wb'; font-weight: normal; font-style: normal;}#rand_v506w2n0nnv354exj63c .wb-phone:before{content: \"\\f15b\";}<\/style>\n<style type=\"text\/css\" >.rd_list_1 .list_item_ctn { border-color:#ecf0f1}.rd_list_1 #rand_v506w2n0nnv354exj63c .list_icn i,.rd_list_1_alt #rand_v506w2n0nnv354exj63c .list_icn i{color:#ba6b1e;}.rd_list_2 #rand_v506w2n0nnv354exj63c:after{background:#3d3d3d;}.rd_list_2 #rand_v506w2n0nnv354exj63c .list_icn i{color:#ba6b1e;}.rd_list_3 #rand_v506w2n0nnv354exj63c .list_icn,.rd_list_5 #rand_v506w2n0nnv354exj63c .list_icn,.rd_list_6 #rand_v506w2n0nnv354exj63c .list_icn{background:#ba6b1e;}.rd_list_4 #rand_v506w2n0nnv354exj63c{background:#ba6b1e;}#rand_v506w2n0nnv354exj63c h3{color:#3d3d3d;}#rand_v506w2n0nnv354exj63c p{color:#3d3d3d;}.rd_list_7 #rand_v506w2n0nnv354exj63c .list_icn{color:#ba6b1e;}<\/style><div class=\"list_item_ctn\" id=\"rand_v506w2n0nnv354exj63c\"><div class=\"list_icn\"><i class=\"wb-phone\"><\/i><\/div><div class=\"list_desc\"><h3>Telefones<\/h3><p>(081) 2125.4000 | 3341.4298<\/p><\/div><\/div><style type='text\/css'> @font-face{font-family: 'elu'; src:url('https:\/\/www.conafisco.org.br\/xviiiconafisco\/wp-content\/themes\/conafisco\/includes\/4k-icons\/icons\/4k-icons-pack02\/icons\/fonts\/elu.eot'); src:url('https:\/\/www.conafisco.org.br\/xviiiconafisco\/wp-content\/themes\/conafisco\/includes\/4k-icons\/icons\/4k-icons-pack02\/icons\/fonts\/elu.eot?#iefix') format('embedded-opentype'), url('https:\/\/www.conafisco.org.br\/xviiiconafisco\/wp-content\/themes\/conafisco\/includes\/4k-icons\/icons\/4k-icons-pack02\/icons\/fonts\/elu.woff') format('woff'), url('https:\/\/www.conafisco.org.br\/xviiiconafisco\/wp-content\/themes\/conafisco\/includes\/4k-icons\/icons\/4k-icons-pack02\/icons\/fonts\/elu.ttf') format('truetype'), url('https:\/\/www.conafisco.org.br\/xviiiconafisco\/wp-content\/themes\/conafisco\/includes\/4k-icons\/icons\/4k-icons-pack02\/icons\/fonts\/elu.svg#oi') format('svg'); font-weight: normal; font-style: normal;}#rand_ku2zjyh9gbapm5wstbs9 .elu-website:before{font-family: 'elu'; font-weight: normal; font-style: normal;}#rand_ku2zjyh9gbapm5wstbs9 .elu-website:before{content: \"\\e82c\";}<\/style>\n<style type=\"text\/css\" >.rd_list_1 .list_item_ctn { border-color:#ecf0f1}.rd_list_1 #rand_ku2zjyh9gbapm5wstbs9 .list_icn i,.rd_list_1_alt #rand_ku2zjyh9gbapm5wstbs9 .list_icn i{color:#ba6b1e;}.rd_list_2 #rand_ku2zjyh9gbapm5wstbs9:after{background:#3d3d3d;}.rd_list_2 #rand_ku2zjyh9gbapm5wstbs9 .list_icn i{color:#ba6b1e;}.rd_list_3 #rand_ku2zjyh9gbapm5wstbs9 .list_icn,.rd_list_5 #rand_ku2zjyh9gbapm5wstbs9 .list_icn,.rd_list_6 #rand_ku2zjyh9gbapm5wstbs9 .list_icn{background:#ba6b1e;}.rd_list_4 #rand_ku2zjyh9gbapm5wstbs9{background:#ba6b1e;}#rand_ku2zjyh9gbapm5wstbs9 h3{color:#3d3d3d;}#rand_ku2zjyh9gbapm5wstbs9 p{color:#3d3d3d;}.rd_list_7 #rand_ku2zjyh9gbapm5wstbs9 .list_icn{color:#ba6b1e;}<\/style><div class=\"list_item_ctn\" id=\"rand_ku2zjyh9gbapm5wstbs9\"><div class=\"list_icn\"><i class=\"elu-website\"><\/i><\/div><a href=\"http:\/\/www.pontualreceptivo.com.br\" target=\"_blank\"><div class=\"list_desc\"><h3>Website<\/h3><p>http:\/\/www.pontualreceptivo.com.br<\/p><\/a><\/div><\/div><style type='text\/css'> @font-face{font-family: 'ty2'; src:url('https:\/\/www.conafisco.org.br\/xviiiconafisco\/wp-content\/themes\/conafisco\/includes\/4k-icons\/icons\/4k-icons-pack04\/icons\/fonts\/ty2.eot'); src:url('https:\/\/www.conafisco.org.br\/xviiiconafisco\/wp-content\/themes\/conafisco\/includes\/4k-icons\/icons\/4k-icons-pack04\/icons\/fonts\/ty2.eot?#iefix') format('embedded-opentype'), url('https:\/\/www.conafisco.org.br\/xviiiconafisco\/wp-content\/themes\/conafisco\/includes\/4k-icons\/icons\/4k-icons-pack04\/icons\/fonts\/ty2.woff') format('woff'), url('https:\/\/www.conafisco.org.br\/xviiiconafisco\/wp-content\/themes\/conafisco\/includes\/4k-icons\/icons\/4k-icons-pack04\/icons\/fonts\/ty2.ttf') format('truetype'), url('https:\/\/www.conafisco.org.br\/xviiiconafisco\/wp-content\/themes\/conafisco\/includes\/4k-icons\/icons\/4k-icons-pack04\/icons\/fonts\/ty2.svg#oi') format('svg'); font-weight: normal; font-style: normal;}#rand_1tg7u9siwitya0vk1iv0 .ty2-mail:before{font-family: 'ty2'; font-weight: normal; font-style: normal;}#rand_1tg7u9siwitya0vk1iv0 .ty2-mail:before{content: \"\\e804\";}<\/style>\n<style type=\"text\/css\" >.rd_list_1 .list_item_ctn { border-color:#ecf0f1}.rd_list_1 #rand_1tg7u9siwitya0vk1iv0 .list_icn i,.rd_list_1_alt #rand_1tg7u9siwitya0vk1iv0 .list_icn i{color:#ba6b1e;}.rd_list_2 #rand_1tg7u9siwitya0vk1iv0:after{background:#3d3d3d;}.rd_list_2 #rand_1tg7u9siwitya0vk1iv0 .list_icn i{color:#ba6b1e;}.rd_list_3 #rand_1tg7u9siwitya0vk1iv0 .list_icn,.rd_list_5 #rand_1tg7u9siwitya0vk1iv0 .list_icn,.rd_list_6 #rand_1tg7u9siwitya0vk1iv0 .list_icn{background:#ba6b1e;}.rd_list_4 #rand_1tg7u9siwitya0vk1iv0{background:#ba6b1e;}#rand_1tg7u9siwitya0vk1iv0 h3{color:#3d3d3d;}#rand_1tg7u9siwitya0vk1iv0 p{color:#3d3d3d;}.rd_list_7 #rand_1tg7u9siwitya0vk1iv0 .list_icn{color:#ba6b1e;}<\/style><div class=\"list_item_ctn\" id=\"rand_1tg7u9siwitya0vk1iv0\"><div class=\"list_icn\"><i class=\"ty2-mail\"><\/i><\/div><a href=\"mailto:eventos@pontualturismo.com.br\" target=\"_blank\"><div class=\"list_desc\"><h3>E-mail<\/h3><p>mailto:eventos@pontualturismo.com.br<\/p><\/a><\/div><\/div><style type='text\/css'> @font-face{font-family: 'mi'; src:url('https:\/\/www.conafisco.org.br\/xviiiconafisco\/wp-content\/themes\/conafisco\/includes\/4k-icons\/icons\/4k-icons-pack03\/icons\/fonts\/mi.eot'); src:url('https:\/\/www.conafisco.org.br\/xviiiconafisco\/wp-content\/themes\/conafisco\/includes\/4k-icons\/icons\/4k-icons-pack03\/icons\/fonts\/mi.eot?#iefix') format('embedded-opentype'), url('https:\/\/www.conafisco.org.br\/xviiiconafisco\/wp-content\/themes\/conafisco\/includes\/4k-icons\/icons\/4k-icons-pack03\/icons\/fonts\/mi.woff') format('woff'), url('https:\/\/www.conafisco.org.br\/xviiiconafisco\/wp-content\/themes\/conafisco\/includes\/4k-icons\/icons\/4k-icons-pack03\/icons\/fonts\/mi.ttf') format('truetype'), url('https:\/\/www.conafisco.org.br\/xviiiconafisco\/wp-content\/themes\/conafisco\/includes\/4k-icons\/icons\/4k-icons-pack03\/icons\/fonts\/mi.svg#oi') format('svg'); font-weight: normal; font-style: normal;}#rand_03yjr79u4ts4pr4qwqvk .mi-calendar:before{font-family: 'mi'; font-weight: normal; font-style: normal;}#rand_03yjr79u4ts4pr4qwqvk .mi-calendar:before{content: \"\\e00f\";}<\/style>\n<style type=\"text\/css\" >.rd_list_1 .list_item_ctn { border-color:#ecf0f1}.rd_list_1 #rand_03yjr79u4ts4pr4qwqvk .list_icn i,.rd_list_1_alt #rand_03yjr79u4ts4pr4qwqvk .list_icn i{color:#ba6b1e;}.rd_list_2 #rand_03yjr79u4ts4pr4qwqvk:after{background:#3d3d3d;}.rd_list_2 #rand_03yjr79u4ts4pr4qwqvk .list_icn i{color:#ba6b1e;}.rd_list_3 #rand_03yjr79u4ts4pr4qwqvk .list_icn,.rd_list_5 #rand_03yjr79u4ts4pr4qwqvk .list_icn,.rd_list_6 #rand_03yjr79u4ts4pr4qwqvk .list_icn{background:#ba6b1e;}.rd_list_4 #rand_03yjr79u4ts4pr4qwqvk{background:#ba6b1e;}#rand_03yjr79u4ts4pr4qwqvk h3{color:#3d3d3d;}#rand_03yjr79u4ts4pr4qwqvk p{color:#3d3d3d;}.rd_list_7 #rand_03yjr79u4ts4pr4qwqvk .list_icn{color:#ba6b1e;}<\/style><div class=\"list_item_ctn\" id=\"rand_03yjr79u4ts4pr4qwqvk\"><div class=\"list_icn\"><i class=\"mi-calendar\"><\/i><\/div><a href=\"http:\/\/www.pontualreservas.com.br\/186\/hotels\" target=\"_blank\"><div class=\"list_desc\"><h3>Reservas Online<\/h3><p>http:\/\/www.pontualreservas.com.br\/186\/hotels<\/p><\/a><\/div><\/div><\/div>\r\n\r\n<!-- lists END-->\n[\/vc_column][\/vc_row][vc_row][vc_column]<style type=\"text\/css\" >#l_xb8j54cxl9aylmqhumtv.sc_line ,#l_xb8j54cxl9aylmqhumtv .sc_line {border-top:1px solid #ecf0f1; border-bottom:1px solid #ecf0f1; height:4px;}#l_xb8j54cxl9aylmqhumtv {margin:0px 0 0px 0; padding:0;}<\/style><div class=\"clearfix\"><\/div><div id=\"l_xb8j54cxl9aylmqhumtv\"  class=\"sc_line rd_line_double\" ><\/div>[\/vc_column][\/vc_row][vc_row][vc_column][vc_custom_heading text=&#8221;Informa\u00e7\u00f5es Gerais&#8221; use_theme_fonts=&#8221;yes&#8221;][vc_tour interval=&#8221;0&#8243; type=&#8221;rd_vtab_1&#8243; pos=&#8221;rd_vtab_left&#8221; mb=&#8221;30&#8243;][vc_tab use_icon=&#8221;yes&#8221; title=&#8221;Hospedagem&#8221; tab_id=&#8221;1414477638419-0-2&#8243; icon=&#8221;ty2-lightbulb&#8221;][vc_column_text]<\/p>\n<p style=\"text-align: justify;\">Apartamentos no complexo Enotel: Enotel Convention &amp; Spa e Enotel Acqua Club.<\/p>\n<p style=\"text-align: justify;\">Todos apartamentos s\u00e3o iguais e est\u00e3o na mesma categoria = Luxo<\/p>\n<p style=\"text-align: justify;\">Pacote oferecido com no m\u00ednimo 04 di\u00e1rias.<\/p>\n<p style=\"text-align: justify;\">Check in: 14h | Check-out: 12h<\/p>\n<p style=\"text-align: justify;\">Taxas de servi\u00e7o ou turismo j\u00e1 inclusas nas di\u00e1rias.<\/p>\n<p style=\"text-align: justify;\">O Enotel n\u00e3o trabalha com early check-in. Caso necess\u00e1rio, os apartamentos dever\u00e3o ser pr\u00e9bloqueados um dia antes da chegada, com custo de uma di\u00e1ria,sujeito \u00e0 disponibilidade.<\/p>\n<p style=\"text-align: justify;\">O Enotel n\u00e3o trabalha com later check out, se autorizado, estar\u00e1 sujeito \u00e0 disponibilidade e o pagamento ser\u00e1 feito diretamente no balc\u00e3o.<\/p>\n<p>[\/vc_column_text]<style type=\"text\/css\" >#t_ccqxe8iftltxd5zu119g .table_col {color:#3d3d3d; background:#ffffff;}#t_ccqxe8iftltxd5zu119g .table_col .table_line_ctn {border:1px solid #ecf0f1;}#t_ccqxe8iftltxd5zu119g .table_col .table_line {border-bottom:1px solid #ecf0f1;} <\/style>  \n<!-- Table --><div class=\"rd_table_ctn rd_table_4_col\" id=\"t_ccqxe8iftltxd5zu119g\"><div class=\"table_col\"><h3 style=\"background:#ba6b1e; color:#ffffff\">INFORMA\u00c7\u00d5ES<\/h3><div class=\"table_line_ctn\"><div class=\"table_line\"><p>Di\u00e1ria e por noite<\/p><\/div><div class=\"table_line\"><p>Pacote com 04 di\u00e1rias*<\/p><\/div><\/div><\/div><div class=\"table_col\"><h3 style=\"background:#ba6b1e; color:#ffffff\">INDIVIDUAL LUXO<\/h3><div class=\"table_line_ctn\"><div class=\"table_line\"><p>R$ 650<\/p><\/div><div class=\"table_line\"><p>R$ 2600<\/p><\/div><\/div><\/div><div class=\"table_col\"><h3 style=\"background:#ba6b1e; color:#ffffff\">DUPLO LUXO<\/h3><div class=\"table_line_ctn\"><div class=\"table_line\"><p>R$ 900<\/p><\/div><div class=\"table_line\"><p>R$ 3600<\/p><\/div><\/div><\/div><div class=\"table_col\"><h3 style=\"background:#ba6b1e; color:#ffffff\">TRIPLO LUXO<\/h3><div class=\"table_line_ctn\"><div class=\"table_line\"><p>R$ 1170<\/p><\/div><div class=\"table_line\"><p>R$ 4680<\/p><\/div><\/div><\/div><\/div>\r\n\r\n<!-- Table END-->\n[vc_column_text]<\/p>\n<p>* (24 a 28\/09\/2019)<\/p>\n<p>Os valores de di\u00e1rias ser\u00e3o honrados para 03 dias antes e ap\u00f3s o evento.<\/p>\n<p>Valor da di\u00e1ria n\u00e3o inclui: Todas e quaisquer despesas de car\u00e1ter pessoal como servi\u00e7o m\u00e9dico, lavanderia, servi\u00e7o de bab\u00e1, liga\u00e7\u00f5es telef\u00f4nicas, sal\u00e3o de beleza, loca\u00e7\u00e3o de carrinho de golfe, passeios, internet e demais servi\u00e7os n\u00e3o discriminados acima, que ser\u00e3o por conta dos h\u00f3spedes.<\/p>\n<p>Pol\u00edtica de Crian\u00e7as<\/p>\n<p>At\u00e9 02 crian\u00e7as de 00 at\u00e9 06 anos cortesia (no mesmo apto. dos pais)<br \/>\nDe 07 a 12 anos ser\u00e1 cobrado 25% do valor do apartamento duplo<br \/>\nM\u00e1ximo 02 crian\u00e7as por apto duplo.<br \/>\nA partir de 13 anos, considerar adulto, aplicar tarifa de TRIPLO.[\/vc_column_text][\/vc_tab][vc_tab use_icon=&#8221;yes&#8221; title=&#8221;Forma de Pagamento&#8221; tab_id=&#8221;1414477638759-0-9&#8243; icon=&#8221;lis-wide6&#8243;][vc_column_text]\u00c0 vista ou parcelado em at\u00e9 06x em boleto banc\u00e1rio, com quita\u00e7\u00e3o total at\u00e9 o dia 20 de setembro de 2019:<\/p>\n<p>Pagamentos em abril:<strong> at\u00e9 6x sem juros<\/strong><br \/>\nPagamentos em maio: <strong>at\u00e9 5x sem juros<\/strong><br \/>\nPagamentos em junho: <strong>at\u00e9 4x sem juros<\/strong><br \/>\nPagamentos em julho: <strong>at\u00e9 3x sem juros<\/strong><br \/>\nPagamentos em agosto: <strong>at\u00e9 2x sem juros<\/strong><br \/>\nPagamentos em setembro: <strong>1x sem juros<\/strong>, com quita\u00e7\u00e3o total at\u00e9 o dia 20\/09\/2019[\/vc_column_text][\/vc_tab][vc_tab use_icon=&#8221;yes&#8221; title=&#8221;Pol\u00edtica All Inclusive&#8221; tab_id=&#8221;1557617687768-2-0&#8243; icon=&#8221;lis-wide6&#8243;][vc_column_text]<\/p>\n<p style=\"text-align: justify;\">O regime contempla:<\/p>\n<p style=\"text-align: justify;\">1. bebidas alco\u00f3licas e n\u00e3o alco\u00f3licas servidas em ta\u00e7as e\/ou doses nos bares e restaurantes, alimenta\u00e7\u00e3o (Caf\u00e9 da manh\u00e3 Buffet; almo\u00e7o buffet nos restaurantes; jantar buffet)<\/p>\n<p style=\"text-align: justify;\">2. Jantar \u00e0 la carte nos restaurantes tem\u00e1ticos, de acordo com a pol\u00edtica de reservas por noite;<\/p>\n<p style=\"text-align: justify;\">3. Entretenimento com shows e atividades esportivas e sociais para adultos e crian\u00e7as com equipe de anima\u00e7\u00e3o;<\/p>\n<p style=\"text-align: justify;\">4. minibar (\u00e1gua e refrigerante) no apartamento reposto diariamente dias;<\/p>\n<p style=\"text-align: justify;\">5. Poder\u00e1 se servir de todos os alimentos e bebidas que estiverem expostos no Restaurante Papoula, Bares e Espa\u00e7o B\u00fazios (veja condi\u00e7\u00f5es no descritivo anexo).<\/p>\n<p style=\"text-align: justify;\">Pol\u00edtica de reservas nos restaurantes tem\u00e1ticos, conforme n\u00famero de noites reservado para o grupo:<\/p>\n<p style=\"text-align: justify;\">03 a 04 noites \u2013 01 reserva em 01 dos restaurantes tem\u00e1ticos<br \/>\n05 a 07 noites \u2013 02 reservas nos restaurantes de tem\u00e1ticos<br \/>\nMais de 08 noites \u2013 03 reservas nos restaurantes de tem\u00e1ticos<\/p>\n<p>[\/vc_column_text][\/vc_tab][vc_tab use_icon=&#8221;yes&#8221; title=&#8221;Comodidades do Hotel&#8221; tab_id=&#8221;1557617719652-3-0&#8243; icon=&#8221;lis-wide6&#8243;][vc_column_text]Ar-Condicionado<br \/>\nWi-Fi nos apartamentos e cofre eletr\u00f4nico<br \/>\nComplexo de piscinas<br \/>\nSecador de cabelo<br \/>\nCentro de Fitness<br \/>\nQuadras de T\u00eanis<br \/>\nEnobaby &amp; Enokids<br \/>\nBoate<br \/>\nMini-Golf<br \/>\nShows Tem\u00e1ticos<br \/>\nEstacionamento<br \/>\nM\u00fasica ao vivo<br \/>\nParque aqu\u00e1tico e parque Aqu\u00e1tico infantil<br \/>\nPiscina Infantil<br \/>\nTV Digital<br \/>\nAPP (Enotel Hotels &amp; Resorts)<br \/>\nLoja Conveni\u00eancia<br \/>\nLoja das Tartarugas<br \/>\nProjeto Ecoassociados<br \/>\nPr\u00e9-Check-in<br \/>\nCofre<br \/>\nSom Proibido.[\/vc_column_text][\/vc_tab][vc_tab use_icon=&#8221;yes&#8221; title=&#8221;Transfer&#8221; tab_id=&#8221;1557617735274-4-0&#8243; icon=&#8221;lis-wide6&#8243;][vc_column_text]<\/p>\n<p style=\"text-align: justify;\">O transfer in e out: Aeroporto Internacional de Recife-PE\/ Enotel\/Aeroporto Internacional de Recife-PE ser\u00e3o oferecidos pela organiza\u00e7\u00e3o do evento, em dias e hor\u00e1rios pr\u00e9-determinados e ser\u00e3o informados posteriormente.<\/p>\n<p style=\"text-align: justify;\">Os participantes que se hospedarem em locais diversos do acima elencado, n\u00e3o ter\u00e3o direito ao transfer, os custos dever\u00e3o arcados pelos mesmos.<\/p>\n<p>[\/vc_column_text][\/vc_tab][\/vc_tour][\/vc_column][\/vc_row][vc_row type=&#8221;full-width-section&#8221; a_select=&#8221;1&#8243; a_bg_color=&#8221;#e6e6e6&#8243; css=&#8221;.vc_custom_1558052701821{margin-bottom: 0px !important;border-top-width: 1px !important;padding-top: 50px !important;padding-bottom: 25px !important;background-color: #e6e6e6 !important;border-top-color: #ebebeb !important;border-top-style: solid !important;}&#8221; parallax_background=&#8221;&#8221;][vc_column][vc_custom_heading text=&#8221;18\u00ba CONAFISCO | Congresso Nacional do Fisco Estadual e Distrital | 24 a 27 de setembro de 2019<br \/>\nEnotel &#8211; Ipojuca\/PE &#8211; Porto de Galinhas | www.enotel.com.br&#8221; font_container=&#8221;tag:h3|font_size:22|text_align:center|color:%23ba6b1e|line_height:30px&#8221; use_theme_fonts=&#8221;yes&#8221;][\/vc_column][\/vc_row]<\/p>\n","protected":false},"excerpt":{"rendered":"<p>[vc_row][vc_column][vc_custom_heading text=&#8221;Ag\u00eancia Oficial&#8221; use_theme_fonts=&#8221;yes&#8221;][vc_column_text] Conforme acordado com o Enotel a Ag\u00eancia oficial do evento \u00e9 a Pontual Viagens e Turismo Ltda, que estar\u00e1 \u00e0 disposi\u00e7\u00e3o dos Sindicatos Filiados para apresentar os pacotes de hospedagens e efetuar bloqueios no complexo Enotel Hotels &amp; Resorts &#8211; Hotel do evento, passagens a\u00e9reas com desconto e outros. [\/vc_column_text][vc_column_text] Pontual<br \/><a href=\"https:\/\/www.conafisco.org.br\/xviiiconafisco\/hospedagem\/\" class=\"more\">Read more<\/a><\/p>\n","protected":false},"author":4,"featured_media":0,"parent":0,"menu_order":4,"comment_status":"closed","ping_status":"closed","template":"","meta":[],"_links":{"self":[{"href":"https:\/\/www.conafisco.org.br\/xviiiconafisco\/wp-json\/wp\/v2\/pages\/7450"}],"collection":[{"href":"https:\/\/www.conafisco.org.br\/xviiiconafisco\/wp-json\/wp\/v2\/pages"}],"about":[{"href":"https:\/\/www.conafisco.org.br\/xviiiconafisco\/wp-json\/wp\/v2\/types\/page"}],"author":[{"embeddable":true,"href":"https:\/\/www.conafisco.org.br\/xviiiconafisco\/wp-json\/wp\/v2\/users\/4"}],"replies":[{"embeddable":true,"href":"https:\/\/www.conafisco.org.br\/xviiiconafisco\/wp-json\/wp\/v2\/comments?post=7450"}],"version-history":[{"count":110,"href":"https:\/\/www.conafisco.org.br\/xviiiconafisco\/wp-json\/wp\/v2\/pages\/7450\/revisions"}],"predecessor-version":[{"id":8187,"href":"https:\/\/www.conafisco.org.br\/xviiiconafisco\/wp-json\/wp\/v2\/pages\/7450\/revisions\/8187"}],"wp:attachment":[{"href":"https:\/\/www.conafisco.org.br\/xviiiconafisco\/wp-json\/wp\/v2\/media?parent=7450"}],"curies":[{"name":"wp","href":"https:\/\/api.w.org\/{rel}","templated":true}]}}