{"id":7452,"date":"2019-05-11T15:50:16","date_gmt":"2019-05-11T18:50:16","guid":{"rendered":"https:\/\/www.conafisco.org.br\/xviiiconafisco\/xviiiconafisco\/?page_id=7452"},"modified":"2019-08-14T12:23:50","modified_gmt":"2019-08-14T15:23:50","slug":"programacao","status":"publish","type":"page","link":"https:\/\/www.conafisco.org.br\/xviiiconafisco\/programacao\/","title":{"rendered":"Programa\u00e7\u00e3o"},"content":{"rendered":"<p>[vc_row][vc_column]    \t<div class=\"wpex-timeline-list center-tl  no-more no-end show-clean show-simple\" id=\"timeline-4252\" data-animations=\"fadeIn\">\r\n        \t<div class=\"wpex-loading\">\r\n                <div class=\"wpex-spinner\">\r\n                    <div class=\"rect1\"><\/div>\r\n                    <div class=\"rect2\"><\/div>\r\n                    <div class=\"rect3\"><\/div>\r\n                    <div class=\"rect4\"><\/div>\r\n                    <div class=\"rect5\"><\/div>\r\n                <\/div>\r\n            <\/div>\r\n        \t        \t            <div class=\"wpex-tltitle wpex-loadmore\"><span>Programa\u00e7\u00e3o 18\u00ba CONAFISCO<\/span><\/div>\r\n                        <ul class=\"wpex wpex-timeline style-center\">\r\n                \r\n\t\t\t\t<li class=\"filter-4252_7912  post-7912 wp-timeline type-wp-timeline status-publish hentry wpex_category-programacao\" data-id=\"filter-4252_7912\" >\r\n\t<div class=\" scroll-effect tl-ani\">\r\n                <div class=\"wpex-timeline-label\">\r\n                        <div class=\"timeline-details\">\r\n                <h2 class=\"tl-title\">\r\n                \t\r\n\t\t<span class=\"tll-date\">\r\n\t\t\t24 de setembro de 2019\r\n\t\t<\/span>                    \t<a href=\"javascript:;\" title=\"Ter\u00e7a-feira\">Ter\u00e7a-feira<\/a>\r\n                                        <div class=\"wpex-timeline-icon\">\r\n                        <a href=\"javascript:;\" title=\"Ter\u00e7a-feira\"><i class=\"fa fa-square no-icon\"><\/i><\/a>\r\n                    <\/div>\r\n\r\n                <\/h2>\r\n                                <div class=\"tlct-shortdes\">\r\n                    <div class=\"wpb_text_column wpb_content_element ct_p7wqtpvo5wrv6ogecqzc\">\n<div class=\"wpb_wrapper\">\n<p>Chegada dos Participantes<br \/>\n<strong>09h \u00e0s 12h<\/strong> | Reuni\u00e3o Comiss\u00e3o Organizadora<br \/>\n<strong>09h \u00e0s 18h<\/strong> | Reuni\u00e3o da Junta Eleitoral<br \/>\n<strong>13h \u00e0s 18h<\/strong> | Credenciamento de Delegados<br \/>\n<strong>14h \u00e0s 18h<\/strong> | Reuni\u00e3o da Diretoria Executiva da FENAFISCO<br \/>\n<strong>19h<\/strong> | Abertura Estatut\u00e1ria do 18\u00ba CONAFISCO<br \/>\n<strong>20h<\/strong> | Abertura Solene do 18\u00ba CONAFISCO com palestra magna<\/p>\n<p>Palestra Magna: &#8220;Nem sempre foi assim Mercado x Estado: As Duas vis\u00f5es da Organiza\u00e7\u00e3o da Ordem Capitalista&#8221;<\/p>\n<p>Palestrante: <a href=\"https:\/\/www.youtube.com\/watch?v=UfCxzIALI0w&amp;list=PL6O4iJRjPYde1C2XY_IaUCfdeZrANlT6s&amp;index=11&amp;t=0s\"><strong>Pedro Rossi<\/strong><\/a><br \/>\nProfessor Doutor do Instituto de Economia, Diretor Unicamp e Coordenador do Conselho Editorial do Brasil Debate<\/p>\n<\/div>\n<\/div>\r\n                                    <\/div>\r\n                            <\/div>\r\n        <\/div>\r\n    <\/div>\r\n            <\/li><li class=\"filter-4252_7915  post-7915 wp-timeline type-wp-timeline status-publish hentry wpex_category-programacao\" data-id=\"filter-4252_7915\" >\r\n\t<div class=\" scroll-effect tl-ani\">\r\n                <div class=\"wpex-timeline-label\">\r\n                        <div class=\"timeline-details\">\r\n                <h2 class=\"tl-title\">\r\n                \t\r\n\t\t<span class=\"tll-date\">\r\n\t\t\t25 de setembro de 2019\r\n\t\t<\/span>                    \t<a href=\"javascript:;\" title=\"Quarta-feira\">Quarta-feira<\/a>\r\n                                        <div class=\"wpex-timeline-icon\">\r\n                        <a href=\"javascript:;\" title=\"Quarta-feira\"><i class=\"fa fa-square no-icon\"><\/i><\/a>\r\n                    <\/div>\r\n\r\n                <\/h2>\r\n                                <div class=\"tlct-shortdes\">\r\n                    <div class=\"vc_span12 wpb_column vc_column_container \">\n<div class=\"vc_column-inner \">\n<div class=\"wpb_wrapper\">\n<div class=\"wpb_text_column wpb_content_element ct_xo8hds0jqagmac66ypl3\">\n<div class=\"wpb_wrapper\">\n<p><strong>09h \u00e0s 17h<\/strong> | Credenciamento<br \/>\n<strong>08h \u00e0s 09h<\/strong> | Apresenta\u00e7\u00e3o de chapas e Candidatos Conselho Fiscal<br \/>\n<strong>09h \u00e0s 15h<\/strong> | Elei\u00e7\u00e3o Diretoria e Conselho Fiscal da FENAFISCO<br \/>\n<strong>09 \u00e0s 12h<\/strong> | Campeonato Desportivo<br \/>\n<strong>15h \u00e0s 18<\/strong>h | Apura\u00e7\u00e3o -Elei\u00e7\u00e3o Diretoria e Conselho Fiscal da FENAFISCO<br \/>\n<strong>15h \u00e0s 19h<\/strong> | Painel 1: REFORMA TRIBUT\u00c1RIA EM PERSPECTIVA: SIMPLIFICA\u00c7\u00c3O E FEDERALISMO<br \/>\nCoordenador: Rog\u00e9rio Macanh\u00e3o &#8211; Ex-presidente da Fenafisco e Sindifisco\/SC e Diretor para Assuntos Parlamentares e Rela\u00e7\u00f5es Institucionais da Fenafisco<br \/>\nPalestrantes: <a href=\"https:\/\/www.youtube.com\/watch?v=zSmQe1PLIDU\">Paulo Gil<\/a> (IJF) <a href=\"https:\/\/www.youtube.com\/watch?v=zcEXXCeIChQ&amp;t=193s\">Andre Horta<\/a> (Ex. Presidente do Comsefaz)<br \/>\nDebatedor: <a href=\"https:\/\/www.youtube.com\/watch?v=jDmnTphLeq4\">Fernanda Mara O.M. Pacobahyba<\/a> &#8211; Secret\u00e1ria de Fazenda do Estado do Cear\u00e1<br \/>\n<strong>20h<\/strong> | Ensaio Show de Talentos<\/p>\n<\/div>\n<\/div>\n<\/div>\n<\/div>\n<\/div>\r\n                                    <\/div>\r\n                            <\/div>\r\n        <\/div>\r\n    <\/div>\r\n            <\/li><li class=\"filter-4252_7917  post-7917 wp-timeline type-wp-timeline status-publish hentry wpex_category-programacao\" data-id=\"filter-4252_7917\" >\r\n\t<div class=\" scroll-effect tl-ani\">\r\n                <div class=\"wpex-timeline-label\">\r\n                        <div class=\"timeline-details\">\r\n                <h2 class=\"tl-title\">\r\n                \t\r\n\t\t<span class=\"tll-date\">\r\n\t\t\t26 de setembro de 2019\r\n\t\t<\/span>                    \t<a href=\"javascript:;\" title=\"Quinta-feira\">Quinta-feira<\/a>\r\n                                        <div class=\"wpex-timeline-icon\">\r\n                        <a href=\"javascript:;\" title=\"Quinta-feira\"><i class=\"fa fa-square no-icon\"><\/i><\/a>\r\n                    <\/div>\r\n\r\n                <\/h2>\r\n                                <div class=\"tlct-shortdes\">\r\n                    <div class=\"vc_span12 wpb_column vc_column_container \">\n<div class=\"vc_column-inner \">\n<div class=\"wpb_wrapper\">\n<div class=\"wpb_text_column wpb_content_element ct_hkpnatpp5e8hgo00be42\">\n<div class=\"wpb_wrapper\">\n<p><strong>08 \u00e0s 12h<\/strong> | Campeonato Desportivo<br \/>\n<strong>14h \u00e0s 18h<\/strong> | Painel 2: REFORMA TRIBUT\u00c1RIA EM PERSPECTIVA: PROGRESSIVIDADE E ESTADO SOCIAL<br \/>\nCoordenador: Manoel Isidro dos Santos Neto &#8211; Ex-presidente da Fenafisco e Presidente do Sindifisco\/PB<br \/>\nPalestrantes: <a href=\"https:\/\/www.youtube.com\/watch?v=rbPlde-1_CQ&amp;t=3s\">D\u00e3o Real dos Santos<\/a> (Instituto de Justi\u00e7a Fiscal)<br \/>\n<a href=\"https:\/\/www.youtube.com\/watch?v=D2EXUd3VHVU&amp;t=13s\">Elo\u00edsa Machado de Almeida<\/a> (FGV)<br \/>\nDebatedores: <a href=\"https:\/\/www.youtube.com\/watch?v=jxqcuk2YEYU\">Marcellus Ribeiro Alves<\/a> &#8211; Secret\u00e1rio de Fazenda do Estado do Maranh\u00e3o<br \/>\n<a href=\"https:\/\/www.youtube.com\/watch?v=PX8xVpTQLcU&amp;t=3s\">Rodrigo Orair<\/a> &#8211; Pesquisador do IPEA<\/p>\n<p><strong>19h30<\/strong> | Lan\u00e7amento e Premia\u00e7\u00e3o da nova Logomarca da Fenafisco<br \/>\n<strong>20h<\/strong> | 8\u00aa Noite de Talentos e Premia\u00e7\u00e3o<\/p>\n<\/div>\n<\/div>\n<\/div>\n<\/div>\n<\/div>\r\n                                    <\/div>\r\n                            <\/div>\r\n        <\/div>\r\n    <\/div>\r\n            <\/li><li class=\"filter-4252_7919  post-7919 wp-timeline type-wp-timeline status-publish hentry wpex_category-programacao\" data-id=\"filter-4252_7919\" >\r\n\t<div class=\" scroll-effect tl-ani\">\r\n                <div class=\"wpex-timeline-label\">\r\n                        <div class=\"timeline-details\">\r\n                <h2 class=\"tl-title\">\r\n                \t\r\n\t\t<span class=\"tll-date\">\r\n\t\t\t27 de setembro de 2019\r\n\t\t<\/span>                    \t<a href=\"javascript:;\" title=\"Sexta-feira\">Sexta-feira<\/a>\r\n                                        <div class=\"wpex-timeline-icon\">\r\n                        <a href=\"javascript:;\" title=\"Sexta-feira\"><i class=\"fa fa-square no-icon\"><\/i><\/a>\r\n                    <\/div>\r\n\r\n                <\/h2>\r\n                                <div class=\"tlct-shortdes\">\r\n                    <div class=\"vc_span12 wpb_column vc_column_container \">\n<div class=\"vc_column-inner \">\n<div class=\"wpb_wrapper\">\n<div class=\"wpb_text_column wpb_content_element ct_ishqypdoibhftskx5cmy\">\n<div class=\"wpb_wrapper\">\n<p><strong>10h \u00e0s 12h<\/strong> | Palestra de Encerramento: <strong>TRIBUTA\u00c7\u00c3O E DESIGUALDADE<\/strong><br \/>\nCoordenador: Alexandre Jos\u00e9 Wanderley de Moraes &#8211; Secret\u00e1rio Geral Adjunto do Sindifisco\/PE<br \/>\nPalestrante: <a href=\"https:\/\/www.youtube.com\/watch?v=J1ra4SVt-F8\">Eduardo Moreira<\/a><br \/>\nDebatedor: <a href=\"https:\/\/www.youtube.com\/watch?v=jh10zwAh7s4&amp;t=95s\">Randolfe Rodrigues<\/a> &#8211; Senador da Rep\u00fablica\/AP<br \/>\n<strong>12h \u00e0s 14h<\/strong> | intervalo para almo\u00e7o (livre)<br \/>\n<strong>14h \u00e0s 18h<\/strong> | Plen\u00e1ria Final do 18\u00ba CONAFISCO<br \/>\n<strong>20h<\/strong>| Encerramento do 18\u00ba CONAFISCO<br \/>\n40 anos da Fenafisco<br \/>\nHomenagens<br \/>\nLan\u00e7amento de livro<br \/>\nPosse da Diretoria e do Conselho Fiscal da Fenafisco Tri\u00eanio 2020-2022<\/p>\n<\/div>\n<\/div>\n<\/div>\n<\/div>\n<\/div>\r\n                                    <\/div>\r\n                            <\/div>\r\n        <\/div>\r\n    <\/div>\r\n            <\/li><li class=\"filter-4252_7920  post-7920 wp-timeline type-wp-timeline status-publish hentry wpex_category-programacao\" data-id=\"filter-4252_7920\" >\r\n\t<div class=\" scroll-effect tl-ani\">\r\n                <div class=\"wpex-timeline-label\">\r\n                        <div class=\"timeline-details\">\r\n                <h2 class=\"tl-title\">\r\n                \t\r\n\t\t<span class=\"tll-date\">\r\n\t\t\t28 de setembro de 2019\r\n\t\t<\/span>                    \t<a href=\"javascript:;\" title=\"S\u00e1bado\">S\u00e1bado<\/a>\r\n                                        <div class=\"wpex-timeline-icon\">\r\n                        <a href=\"javascript:;\" title=\"S\u00e1bado\"><i class=\"fa fa-square no-icon\"><\/i><\/a>\r\n                    <\/div>\r\n\r\n                <\/h2>\r\n                                <div class=\"tlct-shortdes\">\r\n                    <div class=\"wpb_text_column wpb_content_element ct_190cygionaj4f3xpjwcx\">\n<div class=\"wpb_wrapper\">\n<p>Retorno dos participantes<br \/>\nRetorno da Diretoria, Staff, Junta Eleitoral e \u00a0Conselho Fiscal<\/p>\n<\/div>\n<\/div>\r\n                                    <\/div>\r\n                            <\/div>\r\n        <\/div>\r\n    <\/div>\r\n            <\/li>            <\/ul>\r\n                    <\/div>\r\n        <div class=\"exclearfix\"><\/div>\r\n\t\t[\/vc_column][\/vc_row][vc_row type=&#8221;full-width-section&#8221; a_select=&#8221;1&#8243; a_bg_color=&#8221;#e6e6e6&#8243; css=&#8221;.vc_custom_1558052747010{margin-bottom: 0px !important;border-top-width: 1px !important;padding-top: 50px !important;padding-bottom: 25px !important;background-color: #e6e6e6 !important;border-top-color: #ebebeb !important;border-top-style: solid !important;}&#8221; parallax_background=&#8221;&#8221;][vc_column][vc_custom_heading text=&#8221;18\u00ba CONAFISCO | Congresso Nacional do Fisco Estadual e Distrital | 24 a 27 de setembro de 2019<br \/>\nEnotel &#8211; Ipojuca\/PE &#8211; Porto de Galinhas | www.enotel.com.br&#8221; font_container=&#8221;tag:h3|font_size:22|text_align:center|color:%23ba6b1e|line_height:30px&#8221; use_theme_fonts=&#8221;yes&#8221;][\/vc_column][\/vc_row]<\/p>\n","protected":false},"excerpt":{"rendered":"<p>Retorno dos participantes Retorno da Diretoria, Staff, Junta Eleitoral e \u00a0Conselho Fiscal<br \/><a href=\"https:\/\/www.conafisco.org.br\/xviiiconafisco\/timeline\/sabado\/\" class=\"more\">Read more<\/a><\/p>\n","protected":false},"author":4,"featured_media":0,"parent":0,"menu_order":5,"comment_status":"closed","ping_status":"closed","template":"","meta":[],"_links":{"self":[{"href":"https:\/\/www.conafisco.org.br\/xviiiconafisco\/wp-json\/wp\/v2\/pages\/7452"}],"collection":[{"href":"https:\/\/www.conafisco.org.br\/xviiiconafisco\/wp-json\/wp\/v2\/pages"}],"about":[{"href":"https:\/\/www.conafisco.org.br\/xviiiconafisco\/wp-json\/wp\/v2\/types\/page"}],"author":[{"embeddable":true,"href":"https:\/\/www.conafisco.org.br\/xviiiconafisco\/wp-json\/wp\/v2\/users\/4"}],"replies":[{"embeddable":true,"href":"https:\/\/www.conafisco.org.br\/xviiiconafisco\/wp-json\/wp\/v2\/comments?post=7452"}],"version-history":[{"count":64,"href":"https:\/\/www.conafisco.org.br\/xviiiconafisco\/wp-json\/wp\/v2\/pages\/7452\/revisions"}],"predecessor-version":[{"id":8295,"href":"https:\/\/www.conafisco.org.br\/xviiiconafisco\/wp-json\/wp\/v2\/pages\/7452\/revisions\/8295"}],"wp:attachment":[{"href":"https:\/\/www.conafisco.org.br\/xviiiconafisco\/wp-json\/wp\/v2\/media?parent=7452"}],"curies":[{"name":"wp","href":"https:\/\/api.w.org\/{rel}","templated":true}]}}