{"id":7456,"date":"2019-05-11T15:51:34","date_gmt":"2019-05-11T18:51:34","guid":{"rendered":"https:\/\/www.conafisco.org.br\/xviiiconafisco\/xviiiconafisco\/?page_id=7456"},"modified":"2019-07-30T09:22:11","modified_gmt":"2019-07-30T12:22:11","slug":"sindicatos-filiados","status":"publish","type":"page","link":"https:\/\/www.conafisco.org.br\/xviiiconafisco\/sindicatos-filiados\/","title":{"rendered":"Sindicatos Filiados"},"content":{"rendered":"<p>[vc_row][vc_column][vc_custom_heading text=&#8221;Rela\u00e7\u00e3o de Sindicatos filiados \u00e0 FENAFISCO&#8221; use_theme_fonts=&#8221;yes&#8221;][\/vc_column][\/vc_row][vc_row css=&#8221;.vc_custom_1557835430522{padding-bottom: 50px !important;}&#8221;][vc_column width=&#8221;1\/2&#8243;][vc_column_text]<\/p>\n<div class=\"one-half\">\n<div class=\"check-list\">\n<ul>\n<li><strong><a href=\"http:\/\/sindifisco-ac.org.br\/\" target=\"_blank\" rel=\"noopener noreferrer\">SINDIFISCO\/AC<\/a><br \/>\n<\/strong>Sindicato do Fisco Estadual do Acre<\/li>\n<li><strong><a href=\"http:\/\/www.sindifisco-al.org.br\/\" target=\"_blank\" rel=\"noopener noreferrer\">SINDIFISCO\/AL<\/a><br \/>\n<\/strong>Sindicato do Fisco de Alagoas<\/li>\n<li><strong><a href=\"http:\/\/www.sindifisco-am.com.br\/\" target=\"_blank\" rel=\"noopener noreferrer\">SINDIFISCO\/AM<\/a><br \/>\n<\/strong>Sindicato dos Funcion\u00e1rios Fiscais do Estado do Amazonas<\/li>\n<li><strong><a href=\"http:\/\/www.sindifiscoap.org\/\" target=\"_blank\" rel=\"noopener noreferrer\">SINDIFISCO\/AP<\/a><br \/>\n<\/strong>Sindicato dos Auditores e Fiscais do Grupo TAF da Secretaria da\u00a0 Receita Estadual do Estado do Amap\u00e1<\/li>\n<li><strong><a href=\"http:\/\/www.sindsefaz.org.br\/\" target=\"_blank\" rel=\"noopener noreferrer\">SINDSEFAZ\/BA<\/a><br \/>\n<\/strong>Sindicato dos Servidores da Fazenda do Estado da Bahia<\/li>\n<li><strong><a href=\"http:\/\/www.sintafce.org.br\/\" target=\"_blank\" rel=\"noopener noreferrer\">SINTAF\/CE<\/a><br \/>\n<\/strong>Sindicato dos Servidores P\u00fablicos Civis do Grupo TAF do Cear\u00e1<\/li>\n<li><strong><a href=\"http:\/\/www.sinafite-df.org.br\/\" target=\"_blank\" rel=\"noopener noreferrer\">SINAFITE\/DF<\/a><br \/>\n<\/strong>Sindicato dos Funcion\u00e1rios Integrantes da Carreira \u00a0de Auditoria Tribut\u00e1ria do Distrito Federal<\/li>\n<li><a href=\"http:\/\/www.auditece.org.br\" target=\"_blank\" rel=\"noopener noreferrer\"><strong>AUDITECE SINDICAL\/CE<\/strong><\/a><br \/>\nSindicatos dos Auditores Fiscais da Receita Estadual do Cear\u00e1<\/li>\n<li><strong><a href=\"http:\/\/www.sindifiscal-es.org.br\/\" target=\"_blank\" rel=\"noopener noreferrer\">SINDIFISCAL\/ES<\/a><br \/>\n<\/strong>Sindicato do Pessoal do Grupo TAF do Estado do Esp\u00edrito Santo<\/li>\n<li><strong><a href=\"http:\/\/www.sindifiscogo.org.br\/\" target=\"_blank\" rel=\"noopener noreferrer\">SINDIFISCO\/GO<\/a><br \/>\n<\/strong>Sindicato dos Funcion\u00e1rios do Fisco do Estado de Goi\u00e1s<\/li>\n<li><strong><a href=\"http:\/\/www.sintafma.org.br\/\" target=\"_blank\" rel=\"noopener noreferrer\">SINTAF\/MA<\/a><br \/>\n<\/strong>Sindicato dos Funcion\u00e1rios do Grupo TAF da Secretaria da Fazenda do Estado do Maranh\u00e3o<\/li>\n<li><strong><a href=\"http:\/\/sindaftema.org.br\/site\/\" target=\"_blank\" rel=\"noopener noreferrer\">SINDAFTEMA\/MA<\/a><br \/>\n<\/strong>Sindicato dos Auditores Fiscais da Receita Estadual do Maranh\u00e3o<\/li>\n<li><a href=\"http:\/\/www.sindifiscomg.org.br\/\" target=\"_blank\" rel=\"noopener noreferrer\"><strong>SINDIFISCO\/MG<\/strong><\/a><br \/>\nSindicato dos Auditores Fiscais da Receita Estadual de Minas Gerais<\/li>\n<li><a href=\"http:\/\/www.sindifiscalms.org.br\/\" target=\"_blank\" rel=\"noopener noreferrer\"><strong>SINDIFISCAL\/MS<\/strong><\/a><br \/>\nSindicato dos Fiscais Tribut\u00e1rios de Mato Grosso do Sul<\/li>\n<li><a href=\"http:\/\/www.sindifisco-ms.org.br\/\" target=\"_blank\" rel=\"noopener noreferrer\"><strong>SINDIFISCO\/MS<\/strong><\/a><br \/>\nSindicato dos Auditores Fiscais da Receita Estadual do Mato Grosso do Sul<\/li>\n<li><a href=\"http:\/\/www.sindifiscomt.org\/\" target=\"_blank\" rel=\"noopener noreferrer\"><strong>SINDIFISCO-MT<\/strong><\/a><br \/>\nSindicato dos Fiscais de Tributos Estaduais de Mato Grosso<\/li>\n<\/ul>\n<\/div>\n<\/div>\n<p>[\/vc_column_text][\/vc_column][vc_column width=&#8221;1\/2&#8243;][vc_column_text]<\/p>\n<div class=\"one\">\n<div class=\"one-half\">\n<div class=\"check-list\">\n<ul>\n<li><strong><a href=\"http:\/\/www.siprotaf.org.br\/\" target=\"_blank\" rel=\"noopener noreferrer\">SIPROTAF\/MT<\/a><br \/>\n<\/strong>Sindicato dos Profissionais de Tributa\u00e7\u00e3o, Arrecada\u00e7\u00e3o e Fiscaliza\u00e7\u00e3o Estadual de Mato Grosso<\/li>\n<li><a href=\"http:\/\/sindifisco-pa.org.br\/\" target=\"_blank\" rel=\"noopener noreferrer\"><strong>SINDIFISCO\/PA<\/strong><\/a><br \/>\nSindicato dos Servidores do Fisco \u00a0Estadual do Par\u00e1<\/li>\n<li><a href=\"http:\/\/www.sindifiscopb.org.br\/\" target=\"_blank\" rel=\"noopener noreferrer\"><strong>SINDIFISCO\/PB<\/strong><\/a><br \/>\nSindicato dos Integrantes do Grupo Ocupacional Servidores Fiscais Tribut\u00e1rios do Estado da Para\u00edba<\/li>\n<li><a href=\"http:\/\/www.sindifiscope.org.br\/\" target=\"_blank\" rel=\"noopener noreferrer\"><strong>SINDIFISCO\/PE<\/strong><\/a><br \/>\nSindicato do Grupo Ocupacional Administra\u00e7\u00e3o Tribut\u00e1ria do Estado de Pernambuco<\/li>\n<li><a href=\"http:\/\/www.sinaffepi.org.br\/\" target=\"_blank\" rel=\"noopener noreferrer\"><strong>SINAFFEPI\/PI<\/strong><\/a><br \/>\nSindicatos dos Auditores Fiscais da Fazenda do Estado do Piau\u00ed<\/li>\n<li><a href=\"http:\/\/www.sindafep.com.br\/\" target=\"_blank\" rel=\"noopener noreferrer\"><strong>SINDAFEP\/PR<\/strong><\/a><br \/>\nSindicato dos Auditores Fiscais da Receita do Estado do Paran\u00e1<\/li>\n<li><a href=\"http:\/\/www.sinfrerj.com.br\/\" target=\"_blank\" rel=\"noopener noreferrer\"><strong>SINFRERJ\/RJ<\/strong><\/a><br \/>\nSindicato dos Auditores Fiscais da Receita Estadual do Rio de Janeiro<\/li>\n<li><a href=\"http:\/\/www.sindifern.org.br\/\" target=\"_blank\" rel=\"noopener noreferrer\"><strong>SINDIFERN\/RN<\/strong><\/a><br \/>\nSindicato dos Auditores Fiscais do Tesouro Estadual do Rio Grande do Norte<\/li>\n<li><a href=\"http:\/\/www.sindafisco.org.br\/\" target=\"_blank\" rel=\"noopener noreferrer\"><strong>SINDAFISCO\/RO<\/strong><\/a><br \/>\nSindicato dos Auditores Fiscais de Tributos Estaduais de Rond\u00f4nia<\/li>\n<li><a href=\"http:\/\/www.sinfiter.com.br\/\" target=\"_blank\" rel=\"noopener noreferrer\"><strong>SINDIFISCO\/RR<\/strong><\/a><br \/>\nSindicato dos Auditores Fiscais de Tributos Estaduais do Estado de Roraima<\/li>\n<li><a href=\"http:\/\/www.sindifiscors.org.br\/\" target=\"_blank\" rel=\"noopener noreferrer\"><strong>SINDIFISCO\/RS<\/strong><\/a><br \/>\nSindicato dos Servidores P\u00fablicos da Administra\u00e7\u00e3o Tribut\u00e1ria do Estado do Rio Grande do Sul<\/li>\n<li><a href=\"http:\/\/www.sindifisco.org.br\/\" target=\"_blank\" rel=\"noopener noreferrer\"><strong>SINDIFISCO\/SC<\/strong><\/a><br \/>\nSindicato dos Fiscais da Fazenda de Santa Catarina<\/li>\n<li><a href=\"http:\/\/www.sindifisco-se.org.br\/\" target=\"_blank\" rel=\"noopener noreferrer\"><strong>SINDIFISCO\/SE<\/strong><\/a><br \/>\nSindicato do Fisco do Estado de Sergipe<\/li>\n<li><strong><a href=\"http:\/\/www.sinafresp.org.br\" target=\"_blank\" rel=\"noopener noreferrer\">SINAFRESP\/SP<\/a><\/strong><br \/>\nSindicato dos Agentes Fiscais de Rendas do Estado de S\u00e3o Paulo<\/li>\n<li><a href=\"http:\/\/www.sindare.com.br\/\" target=\"_blank\" rel=\"noopener noreferrer\"><strong>SINDARE\/TO<\/strong><\/a><br \/>\nSindicato dos Auditores de Rendas do Estado do Tocantins<\/li>\n<li><a href=\"http:\/\/www.sindifiscal.org.br\/\" target=\"_blank\" rel=\"noopener noreferrer\"><strong>SINDIFISCAL\/TO<\/strong><\/a><br \/>\nSindicato dos Auditores Fiscais da Receita Estadual do Estado do\u00a0 Tocantins<\/li>\n<\/ul>\n<\/div>\n<\/div>\n<div class=\"one-half last\">\n<div class=\"check-list\"><\/div>\n<\/div>\n<\/div>\n<p>[\/vc_column_text][\/vc_column][\/vc_row][vc_row type=&#8221;full-width-section&#8221; a_select=&#8221;1&#8243; a_bg_color=&#8221;#e6e6e6&#8243; css=&#8221;.vc_custom_1558052929850{margin-bottom: 0px !important;border-top-width: 1px !important;padding-top: 50px !important;padding-bottom: 25px !important;background-color: #e6e6e6 !important;border-top-color: #ebebeb !important;border-top-style: solid !important;}&#8221; parallax_background=&#8221;&#8221;][vc_column][vc_custom_heading text=&#8221;18\u00ba CONAFISCO | Congresso Nacional do Fisco Estadual e Distrital | 24 a 27 de setembro de 2019<br \/>\nEnotel &#8211; Ipojuca\/PE &#8211; Porto de Galinhas | www.enotel.com.br&#8221; font_container=&#8221;tag:h3|font_size:22|text_align:center|color:%23ba6b1e|line_height:30px&#8221; use_theme_fonts=&#8221;yes&#8221;][\/vc_column][\/vc_row]<\/p>\n","protected":false},"excerpt":{"rendered":"<p>[vc_row][vc_column][vc_custom_heading text=&#8221;Rela\u00e7\u00e3o de Sindicatos filiados \u00e0 FENAFISCO&#8221; use_theme_fonts=&#8221;yes&#8221;][\/vc_column][\/vc_row][vc_row css=&#8221;.vc_custom_1557835430522{padding-bottom: 50px !important;}&#8221;][vc_column width=&#8221;1\/2&#8243;][vc_column_text] SINDIFISCO\/AC Sindicato do Fisco Estadual do Acre SINDIFISCO\/AL Sindicato do Fisco de Alagoas SINDIFISCO\/AM Sindicato dos Funcion\u00e1rios Fiscais do Estado do Amazonas SINDIFISCO\/AP Sindicato dos Auditores e Fiscais do Grupo TAF da Secretaria da\u00a0 Receita Estadual do Estado do Amap\u00e1 SINDSEFAZ\/BA Sindicato dos<br \/><a href=\"https:\/\/www.conafisco.org.br\/xviiiconafisco\/sindicatos-filiados\/\" class=\"more\">Read more<\/a><\/p>\n","protected":false},"author":4,"featured_media":0,"parent":0,"menu_order":6,"comment_status":"closed","ping_status":"closed","template":"","meta":[],"_links":{"self":[{"href":"https:\/\/www.conafisco.org.br\/xviiiconafisco\/wp-json\/wp\/v2\/pages\/7456"}],"collection":[{"href":"https:\/\/www.conafisco.org.br\/xviiiconafisco\/wp-json\/wp\/v2\/pages"}],"about":[{"href":"https:\/\/www.conafisco.org.br\/xviiiconafisco\/wp-json\/wp\/v2\/types\/page"}],"author":[{"embeddable":true,"href":"https:\/\/www.conafisco.org.br\/xviiiconafisco\/wp-json\/wp\/v2\/users\/4"}],"replies":[{"embeddable":true,"href":"https:\/\/www.conafisco.org.br\/xviiiconafisco\/wp-json\/wp\/v2\/comments?post=7456"}],"version-history":[{"count":28,"href":"https:\/\/www.conafisco.org.br\/xviiiconafisco\/wp-json\/wp\/v2\/pages\/7456\/revisions"}],"predecessor-version":[{"id":8289,"href":"https:\/\/www.conafisco.org.br\/xviiiconafisco\/wp-json\/wp\/v2\/pages\/7456\/revisions\/8289"}],"wp:attachment":[{"href":"https:\/\/www.conafisco.org.br\/xviiiconafisco\/wp-json\/wp\/v2\/media?parent=7456"}],"curies":[{"name":"wp","href":"https:\/\/api.w.org\/{rel}","templated":true}]}}