{"id":8145,"date":"2019-05-21T20:30:39","date_gmt":"2019-05-21T23:30:39","guid":{"rendered":"https:\/\/www.conafisco.org.br\/xviiiconafisco\/xviiiconafisco\/?page_id=8145"},"modified":"2019-06-10T15:46:41","modified_gmt":"2019-06-10T18:46:41","slug":"apresentacao","status":"publish","type":"page","link":"https:\/\/www.conafisco.org.br\/xviiiconafisco\/apresentacao\/","title":{"rendered":"Apresenta\u00e7\u00e3o"},"content":{"rendered":"<p>[vc_row type=&#8221;full-width-section&#8221; equal_height=&#8221;yes&#8221; content_placement=&#8221;middle&#8221; css=&#8221;.vc_custom_1559575683107{padding-bottom: 60px !important;}&#8221;][vc_column width=&#8221;2\/3&#8243;][vc_custom_heading text=&#8221;18\u00ba CONAFISCO&#8221; use_theme_fonts=&#8221;yes&#8221;][vc_column_text]<\/p>\n<p style=\"text-align: justify;\">Com o tema <strong>Tributa\u00e7\u00e3o e Previd\u00eancia Solid\u00e1rias<\/strong> \u2013 Por um Brasil mais justo, a Fenafisco realiza a <strong>18\u00aa edi\u00e7\u00e3o do Congresso Nacional do Fisco Estadual e Distrital (18\u00ba Conafisco)<\/strong>, em Porto de Galinhas, no munic\u00edpio de Ipojuca-PE, com a irrestrita parceria do Sindicato do Grupo Ocupacional Administra\u00e7\u00e3o Tribut\u00e1ria do Estado de Pernambuco (Sindifisco-PE), entre os dias 24 e 27 de setembro de 2019.<\/p>\n<p style=\"text-align: justify;\">O evento trar\u00e1 \u00e0 discuss\u00e3o temas de interesse nacional, como as reformas dos sistemas previdenci\u00e1rio e tribut\u00e1rio, al\u00e9m de comemorar os 40 anos de trabalho da entidade, em defesa da administra\u00e7\u00e3o tribut\u00e1ria, da justi\u00e7a social e do fortalecimento do Fisco e da sociedade. A Federa\u00e7\u00e3o foi fundada em Recife, capital pernambucana, em 1979.<\/p>\n<p style=\"text-align: justify;\">O tradicional evento \u00e9 realizado a cada tr\u00eas anos e tem como objetivo a elei\u00e7\u00e3o da Diretoria Executiva e o Conselho Fiscal da Fenafisco, a discuss\u00e3o e delibera\u00e7\u00e3o de diretrizes para elabora\u00e7\u00e3o do plano de a\u00e7\u00e3o pol\u00edtica da entidade, a promo\u00e7\u00e3o da organiza\u00e7\u00e3o, mobiliza\u00e7\u00e3o, al\u00e9m do desenvolvimento sindical do Fisco estadual.<\/p>\n<p>Participe! Voc\u00ea \u00e9 fundamental.<\/p>\n<p>[\/vc_column_text][\/vc_column][vc_column width=&#8221;1\/3&#8243;][vc_single_image image=&#8221;8224&#8243; img_size=&#8221;large&#8221; alignment=&#8221;center&#8221;][\/vc_column][\/vc_row][vc_row type=&#8221;full-width-section&#8221; a_select=&#8221;1&#8243; a_bg_color=&#8221;#e6e6e6&#8243; css=&#8221;.vc_custom_1558481760656{margin-bottom: 0px !important;border-top-width: 1px !important;padding-top: 50px !important;padding-bottom: 25px !important;background-color: #e6e6e6 !important;border-top-color: #ebebeb !important;border-top-style: solid !important;}&#8221; parallax_background=&#8221;&#8221;][vc_column][vc_custom_heading text=&#8221;18\u00ba CONAFISCO | Congresso Nacional do Fisco Estadual e Distrital | 24 a 27 de setembro de 2019<br \/>\nEnotel &#8211; Ipojuca\/PE &#8211; Porto de Galinhas | www.enotel.com.br&#8221; font_container=&#8221;tag:h3|font_size:22|text_align:center|color:%23ba6b1e|line_height:30px&#8221; use_theme_fonts=&#8221;yes&#8221;][\/vc_column][\/vc_row]<\/p>\n","protected":false},"excerpt":{"rendered":"<p>[vc_row type=&#8221;full-width-section&#8221; equal_height=&#8221;yes&#8221; content_placement=&#8221;middle&#8221; css=&#8221;.vc_custom_1559575683107{padding-bottom: 60px !important;}&#8221;][vc_column width=&#8221;2\/3&#8243;][vc_custom_heading text=&#8221;18\u00ba CONAFISCO&#8221; use_theme_fonts=&#8221;yes&#8221;][vc_column_text] Com o tema Tributa\u00e7\u00e3o e Previd\u00eancia Solid\u00e1rias \u2013 Por um Brasil mais justo, a Fenafisco realiza a 18\u00aa edi\u00e7\u00e3o do Congresso Nacional do Fisco Estadual e Distrital (18\u00ba Conafisco), em Porto de Galinhas, no munic\u00edpio de Ipojuca-PE, com a irrestrita parceria do Sindicato do<br \/><a href=\"https:\/\/www.conafisco.org.br\/xviiiconafisco\/apresentacao\/\" class=\"more\">Read more<\/a><\/p>\n","protected":false},"author":4,"featured_media":0,"parent":0,"menu_order":1,"comment_status":"closed","ping_status":"closed","template":"","meta":[],"_links":{"self":[{"href":"https:\/\/www.conafisco.org.br\/xviiiconafisco\/wp-json\/wp\/v2\/pages\/8145"}],"collection":[{"href":"https:\/\/www.conafisco.org.br\/xviiiconafisco\/wp-json\/wp\/v2\/pages"}],"about":[{"href":"https:\/\/www.conafisco.org.br\/xviiiconafisco\/wp-json\/wp\/v2\/types\/page"}],"author":[{"embeddable":true,"href":"https:\/\/www.conafisco.org.br\/xviiiconafisco\/wp-json\/wp\/v2\/users\/4"}],"replies":[{"embeddable":true,"href":"https:\/\/www.conafisco.org.br\/xviiiconafisco\/wp-json\/wp\/v2\/comments?post=8145"}],"version-history":[{"count":24,"href":"https:\/\/www.conafisco.org.br\/xviiiconafisco\/wp-json\/wp\/v2\/pages\/8145\/revisions"}],"predecessor-version":[{"id":8259,"href":"https:\/\/www.conafisco.org.br\/xviiiconafisco\/wp-json\/wp\/v2\/pages\/8145\/revisions\/8259"}],"wp:attachment":[{"href":"https:\/\/www.conafisco.org.br\/xviiiconafisco\/wp-json\/wp\/v2\/media?parent=8145"}],"curies":[{"name":"wp","href":"https:\/\/api.w.org\/{rel}","templated":true}]}}