{"id":8311,"date":"2019-10-02T15:08:36","date_gmt":"2019-10-02T18:08:36","guid":{"rendered":"https:\/\/www.conafisco.org.br\/xviiiconafisco\/?page_id=8311"},"modified":"2019-10-03T14:12:15","modified_gmt":"2019-10-03T17:12:15","slug":"fotos-do-evento","status":"publish","type":"page","link":"https:\/\/www.conafisco.org.br\/xviiiconafisco\/fotos-do-evento\/","title":{"rendered":"Fotos do evento"},"content":{"rendered":"<p><a href=\"https:\/\/www.flickr.com\/photos\/115625586@N05\/albums\/72157711173738561\">Dia 24<\/a><\/p>\n<ul>\n<li>Credenciamento<\/li>\n<li>Junta Eleitoral<\/li>\n<li>Abertura Estatut\u00e1ria<\/li>\n<li>Palestra Magna<\/li>\n<\/ul>\n<p><a href=\"https:\/\/www.flickr.com\/photos\/115625586@N05\/albums\/72157711172671261\">Dia 25<\/a><\/p>\n<p>8\u00ba Torneiro Desportivo<\/p>\n<ul>\n<li>Elei\u00e7\u00f5es<\/li>\n<li>8\u00ba Torneio Desportivo<\/li>\n<li>Painel 1 &#8211; Reforma Tribut\u00e1ria em Perspectiva: Simplifica\u00e7\u00e3o e Federalismo<\/li>\n<li>Ensaio Show de Talentos<\/li>\n<\/ul>\n<p><a href=\"https:\/\/www.flickr.com\/photos\/115625586@N05\/sets\/72157710686561751\">Dia 26<\/a><\/p>\n<ul>\n<li>Painel 2 &#8211; Reforma Tribut\u00e1ria em Perspectiva: Progressividade e Estado Social<\/li>\n<li>8\u00ba Torneio Desportivo &#8211; continua\u00e7\u00e3o (final t\u00eanis de quadra)<\/li>\n<li>8\u00aa Noite de Talentos<\/li>\n<li><\/li>\n<\/ul>\n<p><a href=\"https:\/\/www.flickr.com\/photos\/115625586@N05\/albums\/72157711178417598\">Dia 27<\/a><\/p>\n<ul>\n<li>Palestra de Encerramento<\/li>\n<li>Plen\u00e1ria Final<\/li>\n<li>Homenagens<\/li>\n<\/ul>\n","protected":false},"excerpt":{"rendered":"<p>Dia 24 Credenciamento Junta Eleitoral Abertura Estatut\u00e1ria Palestra Magna Dia 25 8\u00ba Torneiro Desportivo Elei\u00e7\u00f5es 8\u00ba Torneio Desportivo Painel 1 &#8211; Reforma Tribut\u00e1ria em Perspectiva: Simplifica\u00e7\u00e3o e Federalismo Ensaio Show de Talentos Dia 26 Painel 2 &#8211; Reforma Tribut\u00e1ria em Perspectiva: Progressividade e Estado Social 8\u00ba Torneio Desportivo &#8211; continua\u00e7\u00e3o (final t\u00eanis de quadra) 8\u00aa<br \/><a href=\"https:\/\/www.conafisco.org.br\/xviiiconafisco\/fotos-do-evento\/\" class=\"more\">Read more<\/a><\/p>\n","protected":false},"author":4,"featured_media":0,"parent":0,"menu_order":0,"comment_status":"closed","ping_status":"closed","template":"","meta":[],"_links":{"self":[{"href":"https:\/\/www.conafisco.org.br\/xviiiconafisco\/wp-json\/wp\/v2\/pages\/8311"}],"collection":[{"href":"https:\/\/www.conafisco.org.br\/xviiiconafisco\/wp-json\/wp\/v2\/pages"}],"about":[{"href":"https:\/\/www.conafisco.org.br\/xviiiconafisco\/wp-json\/wp\/v2\/types\/page"}],"author":[{"embeddable":true,"href":"https:\/\/www.conafisco.org.br\/xviiiconafisco\/wp-json\/wp\/v2\/users\/4"}],"replies":[{"embeddable":true,"href":"https:\/\/www.conafisco.org.br\/xviiiconafisco\/wp-json\/wp\/v2\/comments?post=8311"}],"version-history":[{"count":9,"href":"https:\/\/www.conafisco.org.br\/xviiiconafisco\/wp-json\/wp\/v2\/pages\/8311\/revisions"}],"predecessor-version":[{"id":8322,"href":"https:\/\/www.conafisco.org.br\/xviiiconafisco\/wp-json\/wp\/v2\/pages\/8311\/revisions\/8322"}],"wp:attachment":[{"href":"https:\/\/www.conafisco.org.br\/xviiiconafisco\/wp-json\/wp\/v2\/media?parent=8311"}],"curies":[{"name":"wp","href":"https:\/\/api.w.org\/{rel}","templated":true}]}}